{"id":1352,"date":"2025-05-05T07:47:03","date_gmt":"2025-05-05T05:47:03","guid":{"rendered":"https:\/\/vacanzaweb.it\/?page_id=1352"},"modified":"2025-05-05T07:58:35","modified_gmt":"2025-05-05T05:58:35","slug":"san-domenico-tropea-village","status":"publish","type":"page","link":"https:\/\/vacanzaweb.it\/index.php\/hotel-in-calabria\/san-domenico-tropea-village\/","title":{"rendered":"San Domenico Tropea Village 3*"},"content":{"rendered":"\n<p style=\"font-size:15px\">Il villaggio si trova a Parghelia a soli 3 Km da Tropea, splendida localit\u00e0 balneare soprannominata \u201cLa Perla del Tirreno\u201d, nota per le sue incantevoli spiagge e il mare cristallino. L\u2019Hotel vanta una posizione ottimale: sorge infatti su un rilievo a 400m da una splendida insenatura che si affaccia sulla spiaggia privata a disposizione degli ospiti. Oltre ai tanti servizi che offre, \u00e8 un punto di partenza ideale per scoprire Tropea e le localit\u00e0 vicine, nonch\u00e9 le tante spiagge di questo litorale incantevole.<\/p>\n\n\nngg_shortcode_0_placeholder\n\n\n<h2 class=\"wp-block-heading has-cyan-bluish-gray-background-color has-background\" style=\"font-size:20px\">Tabella Prezzi<\/h2>\n\n\n<div class=\"wp-block-image\">\n<figure class=\"aligncenter size-full\"><img loading=\"lazy\" decoding=\"async\" width=\"1560\" height=\"1131\" src=\"https:\/\/vacanzaweb.it\/wp-content\/uploads\/2025\/05\/sandomenico_tropea_prezzi.jpg\" alt=\"\" class=\"wp-image-1353\" srcset=\"https:\/\/vacanzaweb.it\/wp-content\/uploads\/2025\/05\/sandomenico_tropea_prezzi.jpg 1560w, https:\/\/vacanzaweb.it\/wp-content\/uploads\/2025\/05\/sandomenico_tropea_prezzi-300x218.jpg 300w, https:\/\/vacanzaweb.it\/wp-content\/uploads\/2025\/05\/sandomenico_tropea_prezzi-1024x742.jpg 1024w, https:\/\/vacanzaweb.it\/wp-content\/uploads\/2025\/05\/sandomenico_tropea_prezzi-768x557.jpg 768w, https:\/\/vacanzaweb.it\/wp-content\/uploads\/2025\/05\/sandomenico_tropea_prezzi-1536x1114.jpg 1536w, https:\/\/vacanzaweb.it\/wp-content\/uploads\/2025\/05\/sandomenico_tropea_prezzi-83x60.jpg 83w, https:\/\/vacanzaweb.it\/wp-content\/uploads\/2025\/05\/sandomenico_tropea_prezzi-600x435.jpg 600w\" sizes=\"auto, (max-width: 1560px) 100vw, 1560px\" \/><\/figure>\n<\/div>\n\n\n<div style=\"height:50px\" aria-hidden=\"true\" class=\"wp-block-spacer\"><\/div>\n\n\n\n<figure class=\"wp-block-image size-full\"><img loading=\"lazy\" decoding=\"async\" width=\"2560\" height=\"137\" src=\"https:\/\/vacanzaweb.it\/wp-content\/uploads\/2025\/04\/incluso_3000x160-scaled.jpg\" alt=\"\" class=\"wp-image-309\" srcset=\"https:\/\/vacanzaweb.it\/wp-content\/uploads\/2025\/04\/incluso_3000x160-scaled.jpg 2560w, https:\/\/vacanzaweb.it\/wp-content\/uploads\/2025\/04\/incluso_3000x160-300x16.jpg 300w, https:\/\/vacanzaweb.it\/wp-content\/uploads\/2025\/04\/incluso_3000x160-1024x55.jpg 1024w, https:\/\/vacanzaweb.it\/wp-content\/uploads\/2025\/04\/incluso_3000x160-768x41.jpg 768w, https:\/\/vacanzaweb.it\/wp-content\/uploads\/2025\/04\/incluso_3000x160-1536x82.jpg 1536w, https:\/\/vacanzaweb.it\/wp-content\/uploads\/2025\/04\/incluso_3000x160-2048x109.jpg 2048w, https:\/\/vacanzaweb.it\/wp-content\/uploads\/2025\/04\/incluso_3000x160-600x32.jpg 600w\" sizes=\"auto, (max-width: 2560px) 100vw, 2560px\" \/><\/figure>\n\n\n\n<p style=\"font-size:15px\">Tariffe in <strong>Pensione Completa<\/strong> dalla cena del giorno di arrivo alla prima colazione del giorno di partenza (acqua, vino, cola e aranciata ai pasti).<br><strong>Tessera Club<\/strong>: da pagare in agenzia a partire dai 3 anni.<br><strong>Servizio Spiaggia<\/strong>: include 1 ombrellone e 2 lettini presso lido convenzionato. Lido convenzionato a circa 2 km di distanza dal Resort \u201cGargano Beach\u201d attrezzato di servizi igienici gratuiti e docce a pagamento, raggiungibile con servizio navetta ad orari prestabiliti. Spiaggia adatta alla balneazione dei bambini essendo caratterizzata da mare dolcemente digradante.<\/p>\n\n\n\n<figure class=\"wp-block-image size-full\"><img loading=\"lazy\" decoding=\"async\" width=\"2560\" height=\"138\" src=\"https:\/\/vacanzaweb.it\/wp-content\/uploads\/2025\/04\/non_incluso_3000x160-scaled.jpg\" alt=\"\" class=\"wp-image-310\" srcset=\"https:\/\/vacanzaweb.it\/wp-content\/uploads\/2025\/04\/non_incluso_3000x160-scaled.jpg 2560w, https:\/\/vacanzaweb.it\/wp-content\/uploads\/2025\/04\/non_incluso_3000x160-300x16.jpg 300w, https:\/\/vacanzaweb.it\/wp-content\/uploads\/2025\/04\/non_incluso_3000x160-1024x55.jpg 1024w, https:\/\/vacanzaweb.it\/wp-content\/uploads\/2025\/04\/non_incluso_3000x160-768x41.jpg 768w, https:\/\/vacanzaweb.it\/wp-content\/uploads\/2025\/04\/non_incluso_3000x160-1536x83.jpg 1536w, https:\/\/vacanzaweb.it\/wp-content\/uploads\/2025\/04\/non_incluso_3000x160-2048x111.jpg 2048w, https:\/\/vacanzaweb.it\/wp-content\/uploads\/2025\/04\/non_incluso_3000x160-600x32.jpg 600w\" sizes=\"auto, (max-width: 2560px) 100vw, 2560px\" \/><\/figure>\n\n\n\n<p style=\"font-size:15px\"><strong>COSTI OBBLIGATORI DA PAGARE IN LOCO<\/strong>:<br>Deposito cauzionale: \u20ac 50,00 per camera per settimana importo che verr\u00e0 restituito a fine soggiorno;<br>Tassa di soggiorno: disciplinata secondo regolamento comunale.<\/p>\n\n\n\n<p style=\"font-size:15px\"><strong>COSTI FACOLTATIVI DA PAGARE IN LOCO<\/strong>:<br>Culla: su richiesta, \u20ac 15 al giorno. Accettata culla propria;<br>Animali: \u20ac 75,00 per disinfestazione a camera a settimana (anche per soggiorni brevi).<br>Su richiesta pasti per celiaci con supplemento \u20ac 15,00 a pasto, da pagare in loco, previsti alimenti base pre-confezionati.<\/p>\n\n\n\n<figure class=\"wp-block-image size-full\"><img loading=\"lazy\" decoding=\"async\" width=\"2560\" height=\"138\" src=\"https:\/\/vacanzaweb.it\/wp-content\/uploads\/2025\/04\/stanze_3000x160-scaled.jpg\" alt=\"\" class=\"wp-image-311\" srcset=\"https:\/\/vacanzaweb.it\/wp-content\/uploads\/2025\/04\/stanze_3000x160-scaled.jpg 2560w, https:\/\/vacanzaweb.it\/wp-content\/uploads\/2025\/04\/stanze_3000x160-300x16.jpg 300w, https:\/\/vacanzaweb.it\/wp-content\/uploads\/2025\/04\/stanze_3000x160-1024x55.jpg 1024w, https:\/\/vacanzaweb.it\/wp-content\/uploads\/2025\/04\/stanze_3000x160-768x42.jpg 768w, https:\/\/vacanzaweb.it\/wp-content\/uploads\/2025\/04\/stanze_3000x160-1536x83.jpg 1536w, https:\/\/vacanzaweb.it\/wp-content\/uploads\/2025\/04\/stanze_3000x160-2048x111.jpg 2048w, https:\/\/vacanzaweb.it\/wp-content\/uploads\/2025\/04\/stanze_3000x160-600x32.jpg 600w\" sizes=\"auto, (max-width: 2560px) 100vw, 2560px\" \/><\/figure>\n\n\n\n<p style=\"font-size:15px\"><strong>Camere Hotel Standard<\/strong> sono arredate con gusto e si distinguono in doppie, triple e quadruple in apparthotel. Ogni sistemazione dispone di televisione, asciugacapelli, servizi privati con doccia e aria condizionata.<br><strong>Family Apparthotel,<\/strong> pensati per ospitare comodamente da 4 a 5 persone su richiesta. Dispongono di televisione, servizi privati con doccia, frigobar e aria condizionata. Sono dotati di patio esterno o balcone attrezzati con tavolo e sedie. Pulizia delle camere giornaliera cambio della biancheria da bagno 2 volte a settimana, biancheria da letto 1 volta a settimana.Cambi supplementari su richiesta a pagamento.<\/p>\n\n\n\n<figure class=\"wp-block-image size-full\"><img loading=\"lazy\" decoding=\"async\" width=\"2560\" height=\"137\" src=\"https:\/\/vacanzaweb.it\/wp-content\/uploads\/2025\/04\/attivita_servizi_3000x160-scaled.jpg\" alt=\"\" class=\"wp-image-312\" srcset=\"https:\/\/vacanzaweb.it\/wp-content\/uploads\/2025\/04\/attivita_servizi_3000x160-scaled.jpg 2560w, https:\/\/vacanzaweb.it\/wp-content\/uploads\/2025\/04\/attivita_servizi_3000x160-300x16.jpg 300w, https:\/\/vacanzaweb.it\/wp-content\/uploads\/2025\/04\/attivita_servizi_3000x160-1024x55.jpg 1024w, https:\/\/vacanzaweb.it\/wp-content\/uploads\/2025\/04\/attivita_servizi_3000x160-768x41.jpg 768w, https:\/\/vacanzaweb.it\/wp-content\/uploads\/2025\/04\/attivita_servizi_3000x160-1536x82.jpg 1536w, https:\/\/vacanzaweb.it\/wp-content\/uploads\/2025\/04\/attivita_servizi_3000x160-2048x109.jpg 2048w, https:\/\/vacanzaweb.it\/wp-content\/uploads\/2025\/04\/attivita_servizi_3000x160-600x32.jpg 600w\" sizes=\"auto, (max-width: 2560px) 100vw, 2560px\" \/><\/figure>\n\n\n\n<p style=\"font-size:15px\">Reception, ristorante con aria condizionata, bar, area relax attrezzata con divani nei pressi del bar e dell\u2019anfiteatro, parcheggio interno non custodito, servizio spiaggia a pagamento. Gli ospiti potranno usufruire di numerosi servizi, tra cui una piscina per adulti, e intrattenimento giornaliero con giochi, tornei, aerobica, acquagym e spettacoli serali in anfiteatro, mini club (da 3 anni in poi). La struttura dispone di un lido convenzionato a circa 2 km di distanza dal Resort \u201cGargano Beach\u201d attrezzato di servizi igienici gratuiti e docce a pagamento, raggiungibile con servizio navetta ad orari prestabiliti (dalle 8.30 alle13.00 e dalle 15.30 alle 19.00). Spiaggia adatta alla balneazione dei bambini essendo caratterizzata da mare dolcemente digradante. Il servizio spiaggia comprende 1 ombrellone e 2 lettini a camera. Disponibile anche una seconda spiaggia privata e attrezzata, raggiungibile a piedi tramite una strada interna (300 metri). \u00c8 caratterizzata da sabbia mista a sassi ed \u00e8 facilmente accessibile con scarpette da scoglio<\/p>\n\n\n\n<figure class=\"wp-block-image size-full\"><img loading=\"lazy\" decoding=\"async\" width=\"2560\" height=\"137\" src=\"https:\/\/vacanzaweb.it\/wp-content\/uploads\/2025\/04\/ristorazione_3000x160-scaled.jpg\" alt=\"\" class=\"wp-image-313\" srcset=\"https:\/\/vacanzaweb.it\/wp-content\/uploads\/2025\/04\/ristorazione_3000x160-scaled.jpg 2560w, https:\/\/vacanzaweb.it\/wp-content\/uploads\/2025\/04\/ristorazione_3000x160-300x16.jpg 300w, https:\/\/vacanzaweb.it\/wp-content\/uploads\/2025\/04\/ristorazione_3000x160-1024x55.jpg 1024w, https:\/\/vacanzaweb.it\/wp-content\/uploads\/2025\/04\/ristorazione_3000x160-768x41.jpg 768w, https:\/\/vacanzaweb.it\/wp-content\/uploads\/2025\/04\/ristorazione_3000x160-1536x82.jpg 1536w, https:\/\/vacanzaweb.it\/wp-content\/uploads\/2025\/04\/ristorazione_3000x160-2048x109.jpg 2048w, https:\/\/vacanzaweb.it\/wp-content\/uploads\/2025\/04\/ristorazione_3000x160-600x32.jpg 600w\" sizes=\"auto, (max-width: 2560px) 100vw, 2560px\" \/><\/figure>\n\n\n\n<p style=\"font-size:15px\">Ristorante climatizzato con servizio di prima colazione a buffet, pranzo e cena serviti con tavolo pre-assegnato, prevede: scelta tra 3 primi piatti e 2 secondi piatti, antipasto e contorno, con bevande da dispenser incluse ai pasti (acqua, vino, cola e aranciata). Prevista una volta a settimana serata tipica calabrese. La struttura dispone di un elegante ristorante che propone una cucina genuina con piatti della tradizione nazionale. Su richiesta pasti per celiaci con supplemento \u20ac 15,00 a pasto, da pagare in loco, previsti alimenti base pre-confezionati.<\/p>\n\n\n\n<figure class=\"wp-block-image size-full\"><img loading=\"lazy\" decoding=\"async\" width=\"2560\" height=\"137\" src=\"https:\/\/vacanzaweb.it\/wp-content\/uploads\/2025\/04\/politica_cancellazioni_3000x160-scaled.jpg\" alt=\"\" class=\"wp-image-314\" srcset=\"https:\/\/vacanzaweb.it\/wp-content\/uploads\/2025\/04\/politica_cancellazioni_3000x160-scaled.jpg 2560w, https:\/\/vacanzaweb.it\/wp-content\/uploads\/2025\/04\/politica_cancellazioni_3000x160-300x16.jpg 300w, https:\/\/vacanzaweb.it\/wp-content\/uploads\/2025\/04\/politica_cancellazioni_3000x160-1024x55.jpg 1024w, https:\/\/vacanzaweb.it\/wp-content\/uploads\/2025\/04\/politica_cancellazioni_3000x160-768x41.jpg 768w, https:\/\/vacanzaweb.it\/wp-content\/uploads\/2025\/04\/politica_cancellazioni_3000x160-1536x82.jpg 1536w, https:\/\/vacanzaweb.it\/wp-content\/uploads\/2025\/04\/politica_cancellazioni_3000x160-2048x109.jpg 2048w, https:\/\/vacanzaweb.it\/wp-content\/uploads\/2025\/04\/politica_cancellazioni_3000x160-600x32.jpg 600w\" sizes=\"auto, (max-width: 2560px) 100vw, 2560px\" \/><\/figure>\n\n\n\n<p style=\"font-size:15px\">da 21 giorni a 11 giorni prima dell\u2019arrivo 30% dell\u2019importo del servizio prenotato<br>da 10 giorni a 2 giorni prima dell\u2019arrivo in struttura 75% dell\u2019importo del servizio prenotato<br>da 2 giorni prima dell\u2019arrivo in struttura 100% dell\u2019importo del servizio prenotato.<\/p>\n\n\n\n<p style=\"font-size:15px\">AD ESCLUSIONE DI EVENTUALI CONDIZIONI PARTICOLARI PREVISTE DALLE SINGOLE STRUTTURE<\/p>\n\n\n\n<figure class=\"wp-block-image size-full\"><img loading=\"lazy\" decoding=\"async\" width=\"2560\" height=\"137\" src=\"https:\/\/vacanzaweb.it\/wp-content\/uploads\/2025\/04\/politica_animali_3000x160-scaled.jpg\" alt=\"\" class=\"wp-image-315\" srcset=\"https:\/\/vacanzaweb.it\/wp-content\/uploads\/2025\/04\/politica_animali_3000x160-scaled.jpg 2560w, https:\/\/vacanzaweb.it\/wp-content\/uploads\/2025\/04\/politica_animali_3000x160-300x16.jpg 300w, https:\/\/vacanzaweb.it\/wp-content\/uploads\/2025\/04\/politica_animali_3000x160-1024x55.jpg 1024w, https:\/\/vacanzaweb.it\/wp-content\/uploads\/2025\/04\/politica_animali_3000x160-768x41.jpg 768w, https:\/\/vacanzaweb.it\/wp-content\/uploads\/2025\/04\/politica_animali_3000x160-1536x82.jpg 1536w, https:\/\/vacanzaweb.it\/wp-content\/uploads\/2025\/04\/politica_animali_3000x160-2048x109.jpg 2048w, https:\/\/vacanzaweb.it\/wp-content\/uploads\/2025\/04\/politica_animali_3000x160-600x32.jpg 600w\" sizes=\"auto, (max-width: 2560px) 100vw, 2560px\" \/><\/figure>\n\n\n\n<p style=\"font-size:15px\">Ammessi di piccola taglia con supplemento obbligatorio per disinfestazione a camera a settimana (anche per soggiorni brevi).<\/p>\n\n\n\n<figure class=\"wp-block-image size-full\"><img loading=\"lazy\" decoding=\"async\" width=\"2560\" height=\"137\" src=\"https:\/\/vacanzaweb.it\/wp-content\/uploads\/2025\/04\/check_3000x160-scaled.jpg\" alt=\"\" class=\"wp-image-316\" srcset=\"https:\/\/vacanzaweb.it\/wp-content\/uploads\/2025\/04\/check_3000x160-scaled.jpg 2560w, https:\/\/vacanzaweb.it\/wp-content\/uploads\/2025\/04\/check_3000x160-300x16.jpg 300w, https:\/\/vacanzaweb.it\/wp-content\/uploads\/2025\/04\/check_3000x160-1024x55.jpg 1024w, https:\/\/vacanzaweb.it\/wp-content\/uploads\/2025\/04\/check_3000x160-768x41.jpg 768w, https:\/\/vacanzaweb.it\/wp-content\/uploads\/2025\/04\/check_3000x160-1536x82.jpg 1536w, https:\/\/vacanzaweb.it\/wp-content\/uploads\/2025\/04\/check_3000x160-2048x109.jpg 2048w, https:\/\/vacanzaweb.it\/wp-content\/uploads\/2025\/04\/check_3000x160-600x32.jpg 600w\" sizes=\"auto, (max-width: 2560px) 100vw, 2560px\" \/><\/figure>\n\n\n\n<p style=\"font-size:15px\">Check In: dalle ore 17.00<br>Check Out: entro le ore 10.00&nbsp;<\/p>\n","protected":false},"excerpt":{"rendered":"<p>Il villaggio si trova a Parghelia a soli 3 Km da Tropea, splendida localit\u00e0 balneare soprannominata \u201cLa Perla del Tirreno\u201d, nota per le sue incantevoli spiagge e il mare cristallino. L\u2019Hotel vanta una posizione ottimale: sorge infatti su un rilievo a 400m da una splendida &hellip; <\/p>\n","protected":false},"author":1,"featured_media":0,"parent":891,"menu_order":0,"comment_status":"closed","ping_status":"closed","template":"","meta":{"ngg_post_thumbnail":0,"footnotes":""},"class_list":["post-1352","page","type-page","status-publish","hentry"],"_links":{"self":[{"href":"https:\/\/vacanzaweb.it\/index.php\/wp-json\/wp\/v2\/pages\/1352","targetHints":{"allow":["GET"]}}],"collection":[{"href":"https:\/\/vacanzaweb.it\/index.php\/wp-json\/wp\/v2\/pages"}],"about":[{"href":"https:\/\/vacanzaweb.it\/index.php\/wp-json\/wp\/v2\/types\/page"}],"author":[{"embeddable":true,"href":"https:\/\/vacanzaweb.it\/index.php\/wp-json\/wp\/v2\/users\/1"}],"replies":[{"embeddable":true,"href":"https:\/\/vacanzaweb.it\/index.php\/wp-json\/wp\/v2\/comments?post=1352"}],"version-history":[{"count":1,"href":"https:\/\/vacanzaweb.it\/index.php\/wp-json\/wp\/v2\/pages\/1352\/revisions"}],"predecessor-version":[{"id":1354,"href":"https:\/\/vacanzaweb.it\/index.php\/wp-json\/wp\/v2\/pages\/1352\/revisions\/1354"}],"up":[{"embeddable":true,"href":"https:\/\/vacanzaweb.it\/index.php\/wp-json\/wp\/v2\/pages\/891"}],"wp:attachment":[{"href":"https:\/\/vacanzaweb.it\/index.php\/wp-json\/wp\/v2\/media?parent=1352"}],"curies":[{"name":"wp","href":"https:\/\/api.w.org\/{rel}","templated":true}]}}