{"id":1356,"date":"2025-05-05T07:52:07","date_gmt":"2025-05-05T05:52:07","guid":{"rendered":"https:\/\/vacanzaweb.it\/?page_id=1356"},"modified":"2025-05-05T07:59:05","modified_gmt":"2025-05-05T05:59:05","slug":"villaggio-spiagge-rosse","status":"publish","type":"page","link":"https:\/\/vacanzaweb.it\/index.php\/hotel-in-calabria\/villaggio-spiagge-rosse\/","title":{"rendered":"Villaggio Spiagge Rosse 4*"},"content":{"rendered":"\n<p style=\"font-size:15px\">Il Villaggio Spiagge Rosse, si trova al centro dell\u2019area Marina Protetta di Capo Rizzuto, su di un mare limpido e cristallino dai fondali incredibilmente ricchi di flora e fauna sommersa; \u00e8 armoniosamente inserito in un contesto di naturale bellezza.<\/p>\n\n\nngg_shortcode_0_placeholder\n\n\n<h2 class=\"wp-block-heading has-cyan-bluish-gray-background-color has-background\" style=\"font-size:20px\">Tabella Prezzi<\/h2>\n\n\n<div class=\"wp-block-image\">\n<figure class=\"aligncenter size-full\"><img loading=\"lazy\" decoding=\"async\" width=\"1502\" height=\"1625\" src=\"https:\/\/vacanzaweb.it\/wp-content\/uploads\/2025\/05\/sabbie_rosse_prezzi.jpg\" alt=\"\" class=\"wp-image-1357\" srcset=\"https:\/\/vacanzaweb.it\/wp-content\/uploads\/2025\/05\/sabbie_rosse_prezzi.jpg 1502w, https:\/\/vacanzaweb.it\/wp-content\/uploads\/2025\/05\/sabbie_rosse_prezzi-277x300.jpg 277w, https:\/\/vacanzaweb.it\/wp-content\/uploads\/2025\/05\/sabbie_rosse_prezzi-946x1024.jpg 946w, https:\/\/vacanzaweb.it\/wp-content\/uploads\/2025\/05\/sabbie_rosse_prezzi-768x831.jpg 768w, https:\/\/vacanzaweb.it\/wp-content\/uploads\/2025\/05\/sabbie_rosse_prezzi-1420x1536.jpg 1420w, https:\/\/vacanzaweb.it\/wp-content\/uploads\/2025\/05\/sabbie_rosse_prezzi-55x60.jpg 55w, https:\/\/vacanzaweb.it\/wp-content\/uploads\/2025\/05\/sabbie_rosse_prezzi-600x649.jpg 600w\" sizes=\"auto, (max-width: 1502px) 100vw, 1502px\" \/><\/figure>\n<\/div>\n\n\n<div style=\"height:50px\" aria-hidden=\"true\" class=\"wp-block-spacer\"><\/div>\n\n\n\n<figure class=\"wp-block-image size-full\"><img loading=\"lazy\" decoding=\"async\" width=\"2560\" height=\"137\" src=\"https:\/\/vacanzaweb.it\/wp-content\/uploads\/2025\/04\/incluso_3000x160-scaled.jpg\" alt=\"\" class=\"wp-image-309\" srcset=\"https:\/\/vacanzaweb.it\/wp-content\/uploads\/2025\/04\/incluso_3000x160-scaled.jpg 2560w, https:\/\/vacanzaweb.it\/wp-content\/uploads\/2025\/04\/incluso_3000x160-300x16.jpg 300w, https:\/\/vacanzaweb.it\/wp-content\/uploads\/2025\/04\/incluso_3000x160-1024x55.jpg 1024w, https:\/\/vacanzaweb.it\/wp-content\/uploads\/2025\/04\/incluso_3000x160-768x41.jpg 768w, https:\/\/vacanzaweb.it\/wp-content\/uploads\/2025\/04\/incluso_3000x160-1536x82.jpg 1536w, https:\/\/vacanzaweb.it\/wp-content\/uploads\/2025\/04\/incluso_3000x160-2048x109.jpg 2048w, https:\/\/vacanzaweb.it\/wp-content\/uploads\/2025\/04\/incluso_3000x160-600x32.jpg 600w\" sizes=\"auto, (max-width: 2560px) 100vw, 2560px\" \/><\/figure>\n\n\n\n<p style=\"font-size:15px\"><strong>Pensione Completa<\/strong> con acqua e vino ai pasti, inizio con la cena, partenza con il pranzo.<\/p>\n\n\n\n<figure class=\"wp-block-image size-full\"><img loading=\"lazy\" decoding=\"async\" width=\"2560\" height=\"138\" src=\"https:\/\/vacanzaweb.it\/wp-content\/uploads\/2025\/04\/non_incluso_3000x160-scaled.jpg\" alt=\"\" class=\"wp-image-310\" srcset=\"https:\/\/vacanzaweb.it\/wp-content\/uploads\/2025\/04\/non_incluso_3000x160-scaled.jpg 2560w, https:\/\/vacanzaweb.it\/wp-content\/uploads\/2025\/04\/non_incluso_3000x160-300x16.jpg 300w, https:\/\/vacanzaweb.it\/wp-content\/uploads\/2025\/04\/non_incluso_3000x160-1024x55.jpg 1024w, https:\/\/vacanzaweb.it\/wp-content\/uploads\/2025\/04\/non_incluso_3000x160-768x41.jpg 768w, https:\/\/vacanzaweb.it\/wp-content\/uploads\/2025\/04\/non_incluso_3000x160-1536x83.jpg 1536w, https:\/\/vacanzaweb.it\/wp-content\/uploads\/2025\/04\/non_incluso_3000x160-2048x111.jpg 2048w, https:\/\/vacanzaweb.it\/wp-content\/uploads\/2025\/04\/non_incluso_3000x160-600x32.jpg 600w\" sizes=\"auto, (max-width: 2560px) 100vw, 2560px\" \/><\/figure>\n\n\n\n<p style=\"font-size:15px\"><strong>3\u00b0 letto<\/strong>: 3\/14 anni non compiuti Gratis con contributo pasti obbligatorio di \u20ac 20 al giorno da pagare in struttura (non commissionabile);<br><strong>4\u00b0 letto<\/strong>: 3\/14 anni non compiuti Gratis con contributo pasti obbligatorio di \u20ac 20 al giorno da pagare in struttura (non commissionabile) dal 01\/06 al 21\/06 e dal 31\/08 al 21\/09, -50% negli altri periodi;<br>OCCUPAZIONE MASSIMA QUADRUPLA: 3 adulti + 1 chd fino a 14 anni n.c.<\/p>\n\n\n\n<p style=\"font-size:15px\"><strong>SUPPLEMENTI OBBLIGATORI DA PAGARE IN LOCO:<\/strong><br><strong>Tessera Club<\/strong>: obbligatoria da pagare in loco, al giorno \u20ac 8,00 gli adulti, \u20ac 6,00 bambini 3\/14 anni; bambini fino a 3 anni esclusi.<br><strong>Baby 0\/3 anni n.c<\/strong>. \u20ac 15,00 al giorno obbligatorio comprensivi di culla, pasti da buffet ed uso della biberoneria (alimenti per l\u2019infanzia esclusi).<br><strong>Tassa di soggiorno<\/strong>: \u20ac 3,00 al giorno per un massimo di 14 giorni dai 10 ai 70 anni.<\/p>\n\n\n\n<p style=\"font-size:15px\"><strong>SUPPLEMENTI FACOLTATIVI DA PAGARE IN LOCO:<\/strong><br><strong>Ombrellone Prima Fila<\/strong> servizio spiaggia in 1\u00b0 fila su richiesta (ad esaurimento) \u20ac 70 a settimana, in 2\u00b0 fila su richiesta (ad esaurimento) \u20ac 50 a settimana, in 3\u00b0 fila su richiesta (ad esaurimento) \u20ac 35 a settimana.<br><strong>Pranzo Extra Domenica di arrivo<\/strong>: \u20ac 50 a camera, da richiedere prima dell&#8217;inizio del soggiorno, da pagare in loco.<br><strong>Scelta Camera:<\/strong> Le camere sono assegnate a discrezione della direzione tra piano terra o primo piano, lato parco o piscina, non \u00e8 possibile scegliere la sistemazione. Pagando il Supplemento di \u20ac 50,00 \u201cscelta camera\u201d potrai decidere in fase di prenotazione in base alla disponibilit\u00e0 la sistemazione.<br><strong>Tavolo Riservato<\/strong>: tavolo riservato al ristorante \u20ac 70 a camera (da richiedere alla prenotazione).<br><strong>Piccoli Privilegi:<\/strong> Include check in area riservata; late check out ore 12.00; prima fornitura frigobar (2 bibite + 2 succhi); tavolo riservato al ristorante; ombrellone in prima fila \u20ac 140 a camera a settimana (da richiedere alla prenotazione).<\/p>\n\n\n\n<figure class=\"wp-block-image size-full\"><img loading=\"lazy\" decoding=\"async\" width=\"2560\" height=\"138\" src=\"https:\/\/vacanzaweb.it\/wp-content\/uploads\/2025\/04\/stanze_3000x160-scaled.jpg\" alt=\"\" class=\"wp-image-311\" srcset=\"https:\/\/vacanzaweb.it\/wp-content\/uploads\/2025\/04\/stanze_3000x160-scaled.jpg 2560w, https:\/\/vacanzaweb.it\/wp-content\/uploads\/2025\/04\/stanze_3000x160-300x16.jpg 300w, https:\/\/vacanzaweb.it\/wp-content\/uploads\/2025\/04\/stanze_3000x160-1024x55.jpg 1024w, https:\/\/vacanzaweb.it\/wp-content\/uploads\/2025\/04\/stanze_3000x160-768x42.jpg 768w, https:\/\/vacanzaweb.it\/wp-content\/uploads\/2025\/04\/stanze_3000x160-1536x83.jpg 1536w, https:\/\/vacanzaweb.it\/wp-content\/uploads\/2025\/04\/stanze_3000x160-2048x111.jpg 2048w, https:\/\/vacanzaweb.it\/wp-content\/uploads\/2025\/04\/stanze_3000x160-600x32.jpg 600w\" sizes=\"auto, (max-width: 2560px) 100vw, 2560px\" \/><\/figure>\n\n\n\n<p style=\"font-size:15px\">Le <strong>camere<\/strong> dispongono di servizi privati con doccia e asciugacapelli, aria condizionata, mini-frigo, tv color solo satellitare e cassetta di sicurezza. Disponibili camere matrimoniale con possibilit\u00e0 di aggiunta su richiesta di culla; camera 3 letti matrimoniale con aggiunta di letto singolo; camera 4 letti: matrimoniale con l&#8217;aggiunta di divano letto a castello o letto a castello per ragazzi fino a 14 anni; Le camere dispongono di piccolo patio se al piano terra (generalmente le camere doppie e camere a 4 letti) o con balcone se al primo piano (camere a 3 letti e camere a 4 letti).<\/p>\n\n\n\n<figure class=\"wp-block-image size-full\"><img loading=\"lazy\" decoding=\"async\" width=\"2560\" height=\"137\" src=\"https:\/\/vacanzaweb.it\/wp-content\/uploads\/2025\/04\/attivita_servizi_3000x160-scaled.jpg\" alt=\"\" class=\"wp-image-312\" srcset=\"https:\/\/vacanzaweb.it\/wp-content\/uploads\/2025\/04\/attivita_servizi_3000x160-scaled.jpg 2560w, https:\/\/vacanzaweb.it\/wp-content\/uploads\/2025\/04\/attivita_servizi_3000x160-300x16.jpg 300w, https:\/\/vacanzaweb.it\/wp-content\/uploads\/2025\/04\/attivita_servizi_3000x160-1024x55.jpg 1024w, https:\/\/vacanzaweb.it\/wp-content\/uploads\/2025\/04\/attivita_servizi_3000x160-768x41.jpg 768w, https:\/\/vacanzaweb.it\/wp-content\/uploads\/2025\/04\/attivita_servizi_3000x160-1536x82.jpg 1536w, https:\/\/vacanzaweb.it\/wp-content\/uploads\/2025\/04\/attivita_servizi_3000x160-2048x109.jpg 2048w, https:\/\/vacanzaweb.it\/wp-content\/uploads\/2025\/04\/attivita_servizi_3000x160-600x32.jpg 600w\" sizes=\"auto, (max-width: 2560px) 100vw, 2560px\" \/><\/figure>\n\n\n\n<p style=\"font-size:15px\">A disposizione degli ospiti una grande piscina centrale con zona idromassaggio e bar laguna, piscina per bambini, bazar con rivendita giornali e tabacchi, area attrezzata dedicata esclusivamente ai bambini dove viene incentrata l&#8217;attivit\u00e0 di miniclub, presenza di piccolo parco giochi, Risto-Baby, biberoneria h 24, anfiteatro per spettacoli di animazione, 2 campi polivalenti, uno per tennis\/pallavolo in mateco e l\u2019altro per tennis\/calcetto (in erba sintetica), campo da beach volley, parcheggio esterno non custodito. Ufficio escursioni per le pi\u00f9 belle localit\u00e0 di interesse naturalistico, storico e culturale della zona. Tessera Club comprende animazione diurna per adulti e per bambini con attivit\u00e0 di intrattenimento e attivit\u00e0 sportiva, risveglio muscolare, ginnastica a corpo libero, gym water, corsi collettivi di tennis, aerobica, step, balli di gruppo, tornei di carte e giochi da tavola, pallavolo, calcetto e ping pong. In spiaggia, beach volley, snorkelling e canoa; utilizzo individuale diurno dei campi sportivi e delle canoe. Animazione serale con spettacoli in anfiteatro, baby dance, cabaret, feste a tema, discoteca all\u2019aperto e pianobar. Speciale Bambini: Un programma settimanale con giochi tematici. Mini Club da 3 a 14 anni, presenza di piccolo parco giochi, area attrezzata dedicata all&#8217;attivit\u00e0 di miniclub, dove i bambini riveleranno i loro talenti, attraverso le innumerevoli e divertenti attivit\u00e0 creative con giochi educativi, didattici e di squadra, giochi in spiaggia. A fine settimana tornei con piccoli premi. Young Club dai 14 ai 18 anni con programmi ed attivit\u00e0 a tema. Sport: tornei sportivi di tennis, nuoto e calcio. Giochi e tornei durante la settimana. Teatro: una volta alla settimana la messa in scena di uno spettacolo con scenografie e costumi. La spiaggia dista 300 metri ed \u00e8 attrezzata con ombrelloni e lettini e punto Mini-club. Nella <strong>spiaggia<\/strong>, ubicata in piena Riserva Marina Protetta, non \u00e8 permessa l\u2019installazione di servizi igienici e docce, \u00e8 invece presente un chiosco bar di gestione esterna al villaggio. Servizio navetta da\/per la spiaggia ad orario continuato con pausa per il pranzo. Possibilit\u00e0 di noleggio di teli mare con cauzione.<\/p>\n\n\n\n<figure class=\"wp-block-image size-full\"><img loading=\"lazy\" decoding=\"async\" width=\"2560\" height=\"137\" src=\"https:\/\/vacanzaweb.it\/wp-content\/uploads\/2025\/04\/ristorazione_3000x160-scaled.jpg\" alt=\"\" class=\"wp-image-313\" srcset=\"https:\/\/vacanzaweb.it\/wp-content\/uploads\/2025\/04\/ristorazione_3000x160-scaled.jpg 2560w, https:\/\/vacanzaweb.it\/wp-content\/uploads\/2025\/04\/ristorazione_3000x160-300x16.jpg 300w, https:\/\/vacanzaweb.it\/wp-content\/uploads\/2025\/04\/ristorazione_3000x160-1024x55.jpg 1024w, https:\/\/vacanzaweb.it\/wp-content\/uploads\/2025\/04\/ristorazione_3000x160-768x41.jpg 768w, https:\/\/vacanzaweb.it\/wp-content\/uploads\/2025\/04\/ristorazione_3000x160-1536x82.jpg 1536w, https:\/\/vacanzaweb.it\/wp-content\/uploads\/2025\/04\/ristorazione_3000x160-2048x109.jpg 2048w, https:\/\/vacanzaweb.it\/wp-content\/uploads\/2025\/04\/ristorazione_3000x160-600x32.jpg 600w\" sizes=\"auto, (max-width: 2560px) 100vw, 2560px\" \/><\/figure>\n\n\n\n<p style=\"font-size:15px\">Nel caratteristico Ristorante Centrale \u201ca pagoda\u201d, sono presenti una sala interna climatizzata ed una veranda esterna. La prima colazione a buffet, con ampia scelta tra prodotti dolci e salati, il pranzo e la cena sono serviti a buffet. La cucina a carattere nazionale offre anche specialit\u00e0 gastronomiche regionali e prodotti tipici calabresi di pesce e carne e prodotti selezionati spesso di provenienza locale, a km. zero. Durante la settimana sono sempre organizzate serate a tema con specialit\u00e0 tipiche della tradizione regionale e cene a tema. Acqua e vino della Casa sempre Inclusi ai pasti. N.B.: non \u00e8 possibile sostituire il pranzo di partenza con il pranzo di arrivo. La Struttura riserva particolari attenzione agli ospiti intolleranti al glutine, al lattosio, alle uova. Pur non potendo in nessun caso offrire menu personalizzati e preparati ad hoc per singoli ospiti, il Ristorante garantisce quanto segue su richiesta: Gluten Free a colazione con prodotti base confezionati (crostatine e fette biscottate) e un salume, a pranzo e a cena almeno un primo, un secondo e un dolce. Lactose Free a colazione prodotti base confezionati privi di lattosio e uova (crostatine, fette biscottate, yogurt e latte; latte disponibile anche presso il bar principale), a pranzo e cena almeno un primo, un secondo, un salume, un formaggio e un dolce. Disponendo di cucina unica non \u00e8 garantita l&#8217;assenza assoluta di contaminazione per alcun tipo di intolleranza (salvo che per i prodotti confezionati su indicati). Servizio Infant: per i bambini 0\/3 anni in sala durante gli orari dei pasti principali verranno messi a disposizione seggiolone ed un men\u00f9 dedicato a scelta con pasta e\/o pastine, passati di verdura\/legumi, brodi vegetali e di carne, passato di verdure, passata di pomodoro, fettine di carne, filetti di pesce, prosciutto cotto, latticini, frutta fresca, latte fresco, yogurt, martellatine, th\u00e8 e camomilla, biscotti (non disponibili omogeneizzati, formaggini e latte per la prima infanzia sia liquido che in polvere )In pi\u00f9 per i genitori che vogliono cucinare e preparare pappe per i propri bimbi \u00e8 a disposizione una BIBERONERIA\/CUCINA MAMME aperta durante gli orari dei pasti principali fornita di prodotti base, prodotti specifici su richiesta al personale di sala, corredata di piastre elettriche, frigo, lavabo, tavoli, sedie, seggioloni, pentole, stoviglie, scalda biberon, forno a microonde. I prodotti sono forniti solo durante l\u2019orario di assistenza e da consumarsi all\u2019interno del ristorante, sempre in compagnia dei genitori. Per eventuali esigenze notturne \u00e8 a disposizione delle mamme, presso il ricevimento, un piccolo angolo con bollitore e scalda biberon. RISTO BABY \u00e8 una sala ristorante per i pi\u00f9 piccoli aperta a pranzo e\/o a cena con men\u00f9 dedicato e assistenza di personale di cucina, in compagnia dello staff del Mini Club.<\/p>\n\n\n\n<figure class=\"wp-block-image size-full\"><img loading=\"lazy\" decoding=\"async\" width=\"2560\" height=\"137\" src=\"https:\/\/vacanzaweb.it\/wp-content\/uploads\/2025\/04\/politica_cancellazioni_3000x160-scaled.jpg\" alt=\"\" class=\"wp-image-314\" srcset=\"https:\/\/vacanzaweb.it\/wp-content\/uploads\/2025\/04\/politica_cancellazioni_3000x160-scaled.jpg 2560w, https:\/\/vacanzaweb.it\/wp-content\/uploads\/2025\/04\/politica_cancellazioni_3000x160-300x16.jpg 300w, https:\/\/vacanzaweb.it\/wp-content\/uploads\/2025\/04\/politica_cancellazioni_3000x160-1024x55.jpg 1024w, https:\/\/vacanzaweb.it\/wp-content\/uploads\/2025\/04\/politica_cancellazioni_3000x160-768x41.jpg 768w, https:\/\/vacanzaweb.it\/wp-content\/uploads\/2025\/04\/politica_cancellazioni_3000x160-1536x82.jpg 1536w, https:\/\/vacanzaweb.it\/wp-content\/uploads\/2025\/04\/politica_cancellazioni_3000x160-2048x109.jpg 2048w, https:\/\/vacanzaweb.it\/wp-content\/uploads\/2025\/04\/politica_cancellazioni_3000x160-600x32.jpg 600w\" sizes=\"auto, (max-width: 2560px) 100vw, 2560px\" \/><\/figure>\n\n\n\n<p style=\"font-size:15px\">Fino a 30 giorni prima il 10%;<br>Da 29 a 21 giorni il 30%;<br>Da 20 a 15 giorni il 50%;<br>Da 14 a 7 giorni il 60%;<br>Da 6 a 3 giorni il 75%;<br>Da 2 a 0 giorni il 100%<br>*AD ESCLUSIONE DI EVENTUALI CONDIZIONI PARTICOLARI PREVISTE DALLE SINGOLE STRUTTURE<\/p>\n\n\n\n<figure class=\"wp-block-image size-full\"><img loading=\"lazy\" decoding=\"async\" width=\"2560\" height=\"137\" src=\"https:\/\/vacanzaweb.it\/wp-content\/uploads\/2025\/04\/politica_animali_3000x160-scaled.jpg\" alt=\"\" class=\"wp-image-315\" srcset=\"https:\/\/vacanzaweb.it\/wp-content\/uploads\/2025\/04\/politica_animali_3000x160-scaled.jpg 2560w, https:\/\/vacanzaweb.it\/wp-content\/uploads\/2025\/04\/politica_animali_3000x160-300x16.jpg 300w, https:\/\/vacanzaweb.it\/wp-content\/uploads\/2025\/04\/politica_animali_3000x160-1024x55.jpg 1024w, https:\/\/vacanzaweb.it\/wp-content\/uploads\/2025\/04\/politica_animali_3000x160-768x41.jpg 768w, https:\/\/vacanzaweb.it\/wp-content\/uploads\/2025\/04\/politica_animali_3000x160-1536x82.jpg 1536w, https:\/\/vacanzaweb.it\/wp-content\/uploads\/2025\/04\/politica_animali_3000x160-2048x109.jpg 2048w, https:\/\/vacanzaweb.it\/wp-content\/uploads\/2025\/04\/politica_animali_3000x160-600x32.jpg 600w\" sizes=\"auto, (max-width: 2560px) 100vw, 2560px\" \/><\/figure>\n\n\n\n<p style=\"font-size:15px\">ammessi di piccola taglia \u20ac 20,00 al giorno per un massimo di 7 notti da pagare in loco, previa accettazione regolamento.<\/p>\n\n\n\n<figure class=\"wp-block-image size-full\"><img loading=\"lazy\" decoding=\"async\" width=\"2560\" height=\"137\" src=\"https:\/\/vacanzaweb.it\/wp-content\/uploads\/2025\/04\/check_3000x160-scaled.jpg\" alt=\"\" class=\"wp-image-316\" srcset=\"https:\/\/vacanzaweb.it\/wp-content\/uploads\/2025\/04\/check_3000x160-scaled.jpg 2560w, https:\/\/vacanzaweb.it\/wp-content\/uploads\/2025\/04\/check_3000x160-300x16.jpg 300w, https:\/\/vacanzaweb.it\/wp-content\/uploads\/2025\/04\/check_3000x160-1024x55.jpg 1024w, https:\/\/vacanzaweb.it\/wp-content\/uploads\/2025\/04\/check_3000x160-768x41.jpg 768w, https:\/\/vacanzaweb.it\/wp-content\/uploads\/2025\/04\/check_3000x160-1536x82.jpg 1536w, https:\/\/vacanzaweb.it\/wp-content\/uploads\/2025\/04\/check_3000x160-2048x109.jpg 2048w, https:\/\/vacanzaweb.it\/wp-content\/uploads\/2025\/04\/check_3000x160-600x32.jpg 600w\" sizes=\"auto, (max-width: 2560px) 100vw, 2560px\" \/><\/figure>\n\n\n\n<p style=\"font-size:15px\">Check In: dalle ore 16.00<br>Check Out: entro le ore 10.00\u00a0<\/p>\n","protected":false},"excerpt":{"rendered":"<p>Il Villaggio Spiagge Rosse, si trova al centro dell\u2019area Marina Protetta di Capo Rizzuto, su di un mare limpido e cristallino dai fondali incredibilmente ricchi di flora e fauna sommersa; \u00e8 armoniosamente inserito in un contesto di naturale bellezza. Tabella Prezzi Pensione Completa con acqua &hellip; <\/p>\n","protected":false},"author":1,"featured_media":0,"parent":891,"menu_order":0,"comment_status":"closed","ping_status":"closed","template":"","meta":{"ngg_post_thumbnail":0,"footnotes":""},"class_list":["post-1356","page","type-page","status-publish","hentry"],"_links":{"self":[{"href":"https:\/\/vacanzaweb.it\/index.php\/wp-json\/wp\/v2\/pages\/1356","targetHints":{"allow":["GET"]}}],"collection":[{"href":"https:\/\/vacanzaweb.it\/index.php\/wp-json\/wp\/v2\/pages"}],"about":[{"href":"https:\/\/vacanzaweb.it\/index.php\/wp-json\/wp\/v2\/types\/page"}],"author":[{"embeddable":true,"href":"https:\/\/vacanzaweb.it\/index.php\/wp-json\/wp\/v2\/users\/1"}],"replies":[{"embeddable":true,"href":"https:\/\/vacanzaweb.it\/index.php\/wp-json\/wp\/v2\/comments?post=1356"}],"version-history":[{"count":1,"href":"https:\/\/vacanzaweb.it\/index.php\/wp-json\/wp\/v2\/pages\/1356\/revisions"}],"predecessor-version":[{"id":1358,"href":"https:\/\/vacanzaweb.it\/index.php\/wp-json\/wp\/v2\/pages\/1356\/revisions\/1358"}],"up":[{"embeddable":true,"href":"https:\/\/vacanzaweb.it\/index.php\/wp-json\/wp\/v2\/pages\/891"}],"wp:attachment":[{"href":"https:\/\/vacanzaweb.it\/index.php\/wp-json\/wp\/v2\/media?parent=1356"}],"curies":[{"name":"wp","href":"https:\/\/api.w.org\/{rel}","templated":true}]}}