{"id":1380,"date":"2025-05-05T08:19:28","date_gmt":"2025-05-05T06:19:28","guid":{"rendered":"https:\/\/vacanzaweb.it\/?page_id=1380"},"modified":"2025-05-05T08:25:52","modified_gmt":"2025-05-05T06:25:52","slug":"villaggio-giardini-doriente","status":"publish","type":"page","link":"https:\/\/vacanzaweb.it\/index.php\/hotel-in-basilicata\/villaggio-giardini-doriente\/","title":{"rendered":"Villaggio Giardini d&#8217;Oriente 4*"},"content":{"rendered":"\n<p style=\"font-size:15px\">Il Villaggio \u00e8 situato a Marina di Nova Siri, sul litorale Jonico, direttamente sul mare e immerso in una bellissima pineta \u00e8 un vero eden del relax, del piacere e del divertimento, grazie alle tante possibilit\u00e0 di svago e ai servizi che offre.<\/p>\n\n\nngg_shortcode_0_placeholder\n\n\n<h2 class=\"wp-block-heading has-cyan-bluish-gray-background-color has-background\" style=\"font-size:20px\">Tabella Prezzi<\/h2>\n\n\n<div class=\"wp-block-image\">\n<figure class=\"aligncenter size-full\"><img loading=\"lazy\" decoding=\"async\" width=\"1565\" height=\"1450\" src=\"https:\/\/vacanzaweb.it\/wp-content\/uploads\/2025\/05\/villaggio_giardini_oriente_prezzi.jpg\" alt=\"\" class=\"wp-image-1381\" srcset=\"https:\/\/vacanzaweb.it\/wp-content\/uploads\/2025\/05\/villaggio_giardini_oriente_prezzi.jpg 1565w, https:\/\/vacanzaweb.it\/wp-content\/uploads\/2025\/05\/villaggio_giardini_oriente_prezzi-300x278.jpg 300w, https:\/\/vacanzaweb.it\/wp-content\/uploads\/2025\/05\/villaggio_giardini_oriente_prezzi-1024x949.jpg 1024w, https:\/\/vacanzaweb.it\/wp-content\/uploads\/2025\/05\/villaggio_giardini_oriente_prezzi-768x712.jpg 768w, https:\/\/vacanzaweb.it\/wp-content\/uploads\/2025\/05\/villaggio_giardini_oriente_prezzi-1536x1423.jpg 1536w, https:\/\/vacanzaweb.it\/wp-content\/uploads\/2025\/05\/villaggio_giardini_oriente_prezzi-65x60.jpg 65w, https:\/\/vacanzaweb.it\/wp-content\/uploads\/2025\/05\/villaggio_giardini_oriente_prezzi-600x556.jpg 600w\" sizes=\"auto, (max-width: 1565px) 100vw, 1565px\" \/><\/figure>\n<\/div>\n\n\n<div style=\"height:50px\" aria-hidden=\"true\" class=\"wp-block-spacer\"><\/div>\n\n\n\n<figure class=\"wp-block-image size-full\"><img loading=\"lazy\" decoding=\"async\" width=\"2560\" height=\"137\" src=\"https:\/\/vacanzaweb.it\/wp-content\/uploads\/2025\/04\/incluso_3000x160-scaled.jpg\" alt=\"\" class=\"wp-image-309\" srcset=\"https:\/\/vacanzaweb.it\/wp-content\/uploads\/2025\/04\/incluso_3000x160-scaled.jpg 2560w, https:\/\/vacanzaweb.it\/wp-content\/uploads\/2025\/04\/incluso_3000x160-300x16.jpg 300w, https:\/\/vacanzaweb.it\/wp-content\/uploads\/2025\/04\/incluso_3000x160-1024x55.jpg 1024w, https:\/\/vacanzaweb.it\/wp-content\/uploads\/2025\/04\/incluso_3000x160-768x41.jpg 768w, https:\/\/vacanzaweb.it\/wp-content\/uploads\/2025\/04\/incluso_3000x160-1536x82.jpg 1536w, https:\/\/vacanzaweb.it\/wp-content\/uploads\/2025\/04\/incluso_3000x160-2048x109.jpg 2048w, https:\/\/vacanzaweb.it\/wp-content\/uploads\/2025\/04\/incluso_3000x160-600x32.jpg 600w\" sizes=\"auto, (max-width: 2560px) 100vw, 2560px\" \/><\/figure>\n\n\n\n<p style=\"font-size:15px\"><strong>Pensione Completa<\/strong>&nbsp;con acqua e vino inclusi ai pasti. Inizio soggiorno con la cena, fine soggiorno con il pranzo. N.B. non \u00e8 possibile sostituire il pranzo del giorno della partenza con il pranzo del giorno di arrivo<\/p>\n\n\n\n<p style=\"font-size:15px\"><strong>Mezza Pensione<\/strong>&nbsp;&nbsp;con acqua e vino inclusi ai pasti. Inizio soggiorno con la cena, fine soggiorno con la colazione.<\/p>\n\n\n\n<p style=\"font-size:15px\"><strong>Infant 0\/3 anni n.c<\/strong>.: pernottamento gratuito nel letto con i genitori o in culla propria. Eventuali supplementi per servizi su richiesta.<\/p>\n\n\n\n<p style=\"font-size:15px\">NB: l&#8217;et\u00e0 dei bambini si intende non compiuta. Per usufruire delle gratuit\u00e0 o riduzioni \u00e8 obbligatorio presentare all&#8217;arrivo un certificato che attesti la data di nascita dei bambini.&nbsp;<\/p>\n\n\n\n<figure class=\"wp-block-image size-full\"><img loading=\"lazy\" decoding=\"async\" width=\"2560\" height=\"138\" src=\"https:\/\/vacanzaweb.it\/wp-content\/uploads\/2025\/04\/non_incluso_3000x160-scaled.jpg\" alt=\"\" class=\"wp-image-310\" srcset=\"https:\/\/vacanzaweb.it\/wp-content\/uploads\/2025\/04\/non_incluso_3000x160-scaled.jpg 2560w, https:\/\/vacanzaweb.it\/wp-content\/uploads\/2025\/04\/non_incluso_3000x160-300x16.jpg 300w, https:\/\/vacanzaweb.it\/wp-content\/uploads\/2025\/04\/non_incluso_3000x160-1024x55.jpg 1024w, https:\/\/vacanzaweb.it\/wp-content\/uploads\/2025\/04\/non_incluso_3000x160-768x41.jpg 768w, https:\/\/vacanzaweb.it\/wp-content\/uploads\/2025\/04\/non_incluso_3000x160-1536x83.jpg 1536w, https:\/\/vacanzaweb.it\/wp-content\/uploads\/2025\/04\/non_incluso_3000x160-2048x111.jpg 2048w, https:\/\/vacanzaweb.it\/wp-content\/uploads\/2025\/04\/non_incluso_3000x160-600x32.jpg 600w\" sizes=\"auto, (max-width: 2560px) 100vw, 2560px\" \/><\/figure>\n\n\n\n<p style=\"font-size:15px\"><strong>COSTI OBBLIGATORI DA PAGARE IN LOCO:<\/strong><br><strong>Tessera Club:<\/strong> (dal 15\/06 al 14\/09) obbligatoria a partire da anni 4 da pagare in loco, \u20ac 7.00 per persona al giorno. Include: drink di benvenuto, servizio di spiaggia (1 ombrellone e 2 lettini per camera), uso delle piscine, tiro con l&#8217;arco, tavole da surf, catamarano, barca a vela, canoa, pedal\u00f2, corsi di danza, acquagym, aerobica, tornei, beach volley, mini club (4\/8 anni n.c.), teen club (8\/13 anni n.c.), junior club (13\/18 anni n.c.), animazione diurna (anche in spiaggia) e serale, giochi, tornei, spettacoli e cabaret in anfiteatro.&nbsp;&nbsp;&nbsp;&nbsp;&nbsp;&nbsp;&nbsp;&nbsp;&nbsp;&nbsp;&nbsp; &nbsp;<br><strong>Tasse di soggiorno<\/strong> da pagare in loco secondo normativa comunale.&nbsp;&nbsp; &nbsp;<\/p>\n\n\n\n<p style=\"font-size:15px\"><strong>COSTI FACOLTATIVI DA PAGARE IN LOCO:<\/strong><br><strong>Camera Vista Piscina:<\/strong> supplemento di \u20ac 20,00 al giorno. Da riservare al momento della prenotazione fino ad esaurimento disponibilit\u00e0. Pagamento in loco.<br><strong>Ombrellone<\/strong>: prenotazione in prima fila, supplemento \u20ac 12,00 al giorno, per la seconda fila \u20ac 9,00 al giorno, fino ad esaurimento disponibilit\u00e0, da pagare in loco.<br><strong>Noleggio Culla<\/strong> \u20ac 10,00 al giorno da pagare in loco da richiedere al momento della prenotazione.&nbsp;&nbsp;&nbsp;&nbsp;&nbsp;&nbsp; &nbsp;<\/p>\n\n\n\n<p style=\"font-size:15px\"><strong>Biberoneria<\/strong>: sala attrezzata per la preparazione delle pappe a pagamento di \u20ac 35,00 a settimana per l&#8217;utilizzo delle apparecchiature e alimenti base quali brodo vegetale, passata di pomodoro, pastine, latte fresco, formaggini e di \u20ac 70,00 a settimana con l&#8217;aggiunta di 4 omogenizzati a scelta (2 a pranzo e 2 a cena). Ingresso ad orari prestabiliti.<\/p>\n\n\n\n<p style=\"font-size:15px\"><strong>Pacchetto Infant<\/strong>: \u20ac 95,00 a settimana include culla + biberoneria base oppure \u20ac 130,00 culla + biberoneria completa.<\/p>\n\n\n\n<p style=\"font-size:15px\">Offerte benessere: 1) nr. 1 bagno turco, nr. 1 vasca idromassaggio, nr. 1 massaggio rilassante \u20ac 50,00; 2) nr. 1 pulizia viso, nr. 1 trattamento antirughe, restitutivo, idratante, nr. 1 bagno turco \u20ac 70,00; 3) nr. 1 total scrub massage al sale, nr. 1 bagno turco, nr. 1 massaggio rilassante\/drenante \u20ac 80,00. 4) percorso benessere: nr. 1 bagno turco, nr. 1 vasca idromassaggio, relax con musicoterapia e tisane \u20ac 23,00. sconto del 10% se confermati all&#8217;atto della prenotazione.<\/p>\n\n\n\n<figure class=\"wp-block-image size-full\"><img loading=\"lazy\" decoding=\"async\" width=\"2560\" height=\"138\" src=\"https:\/\/vacanzaweb.it\/wp-content\/uploads\/2025\/04\/stanze_3000x160-scaled.jpg\" alt=\"\" class=\"wp-image-311\" srcset=\"https:\/\/vacanzaweb.it\/wp-content\/uploads\/2025\/04\/stanze_3000x160-scaled.jpg 2560w, https:\/\/vacanzaweb.it\/wp-content\/uploads\/2025\/04\/stanze_3000x160-300x16.jpg 300w, https:\/\/vacanzaweb.it\/wp-content\/uploads\/2025\/04\/stanze_3000x160-1024x55.jpg 1024w, https:\/\/vacanzaweb.it\/wp-content\/uploads\/2025\/04\/stanze_3000x160-768x42.jpg 768w, https:\/\/vacanzaweb.it\/wp-content\/uploads\/2025\/04\/stanze_3000x160-1536x83.jpg 1536w, https:\/\/vacanzaweb.it\/wp-content\/uploads\/2025\/04\/stanze_3000x160-2048x111.jpg 2048w, https:\/\/vacanzaweb.it\/wp-content\/uploads\/2025\/04\/stanze_3000x160-600x32.jpg 600w\" sizes=\"auto, (max-width: 2560px) 100vw, 2560px\" \/><\/figure>\n\n\n\n<p style=\"font-size:15px\">Dotate di servizi privati, aria condizionata, telefono, frigobar (su richiesta consumazioni da pagare in loco), Tv, Wi-Fi gratuito, cassetta di sicurezza, balcone o patio. Si dividono in Standard camere doppie con possibilit\u00e0 di 3\u00b0 letto aggiunto; Junior Suite 4 posti letto, composte da camera matrimoniale e cameretta con due letti piani.amere <strong>Standard<\/strong>: sono ubicate nella zona piscina e si presentano sotto forma di villette a schiera. Le singole unit\u00e0 abitative sono costituite da letti matrimoniali, con letti a castello o letti piani, con ambienti separati e dispongono di: aria condizionata, servizi privati, asciugacapelli, televisione, frigobar.<\/p>\n\n\n\n<figure class=\"wp-block-image size-full\"><img loading=\"lazy\" decoding=\"async\" width=\"2560\" height=\"137\" src=\"https:\/\/vacanzaweb.it\/wp-content\/uploads\/2025\/04\/attivita_servizi_3000x160-scaled.jpg\" alt=\"\" class=\"wp-image-312\" srcset=\"https:\/\/vacanzaweb.it\/wp-content\/uploads\/2025\/04\/attivita_servizi_3000x160-scaled.jpg 2560w, https:\/\/vacanzaweb.it\/wp-content\/uploads\/2025\/04\/attivita_servizi_3000x160-300x16.jpg 300w, https:\/\/vacanzaweb.it\/wp-content\/uploads\/2025\/04\/attivita_servizi_3000x160-1024x55.jpg 1024w, https:\/\/vacanzaweb.it\/wp-content\/uploads\/2025\/04\/attivita_servizi_3000x160-768x41.jpg 768w, https:\/\/vacanzaweb.it\/wp-content\/uploads\/2025\/04\/attivita_servizi_3000x160-1536x82.jpg 1536w, https:\/\/vacanzaweb.it\/wp-content\/uploads\/2025\/04\/attivita_servizi_3000x160-2048x109.jpg 2048w, https:\/\/vacanzaweb.it\/wp-content\/uploads\/2025\/04\/attivita_servizi_3000x160-600x32.jpg 600w\" sizes=\"auto, (max-width: 2560px) 100vw, 2560px\" \/><\/figure>\n\n\n\n<p style=\"font-size:15px\">La struttura dispone di 2 ristoranti, di cui uno sul terrazzo aperto nei mesi di luglio e agosto e di un ristorante per bambini, 2 bar di cui uno a bordo piscina e uno sul mare, 3 piscine di acqua dolce di cui una semi olimpionica dedicata ai giochi e alle attivit\u00e0 di animazione e una per bambini, 2 campi di calcetto e tennis illuminati. A disposizione di tutti gli ospiti parcheggio privato non custodito, reception h24, sala conferenze e Wi-Fi gratuito nelle aree comuni. La <strong>spiaggia<\/strong> privata del complesso turistico dista circa 200 mt. dalla zona centrale del villaggio, di sabbia con ghiaia sul bagnasciuga. La spiaggia \u00e8 raggiungibile a piedi percorrendo una piacevolissima pineta che porta al mare.\u00a0<\/p>\n\n\n\n<figure class=\"wp-block-image size-full\"><img loading=\"lazy\" decoding=\"async\" width=\"2560\" height=\"137\" src=\"https:\/\/vacanzaweb.it\/wp-content\/uploads\/2025\/04\/ristorazione_3000x160-scaled.jpg\" alt=\"\" class=\"wp-image-313\" srcset=\"https:\/\/vacanzaweb.it\/wp-content\/uploads\/2025\/04\/ristorazione_3000x160-scaled.jpg 2560w, https:\/\/vacanzaweb.it\/wp-content\/uploads\/2025\/04\/ristorazione_3000x160-300x16.jpg 300w, https:\/\/vacanzaweb.it\/wp-content\/uploads\/2025\/04\/ristorazione_3000x160-1024x55.jpg 1024w, https:\/\/vacanzaweb.it\/wp-content\/uploads\/2025\/04\/ristorazione_3000x160-768x41.jpg 768w, https:\/\/vacanzaweb.it\/wp-content\/uploads\/2025\/04\/ristorazione_3000x160-1536x82.jpg 1536w, https:\/\/vacanzaweb.it\/wp-content\/uploads\/2025\/04\/ristorazione_3000x160-2048x109.jpg 2048w, https:\/\/vacanzaweb.it\/wp-content\/uploads\/2025\/04\/ristorazione_3000x160-600x32.jpg 600w\" sizes=\"auto, (max-width: 2560px) 100vw, 2560px\" \/><\/figure>\n\n\n\n<p style=\"font-size:15px\">Il villaggio offre piatti unici e piatti dai sapori tipici locali declinati sia in maniera sofisticata, sia rustica, a cui si accompagna un grande buffet. Un momento conviviale e un&#8217;esperienza da trascorrere in compagnia di amici e famigliari. Il ristorante centrale \u00e8 dotato di aria condizionata con servizio a buffet per colazione, pranzo e cena. Inclusi ai pasti: acqua naturale, gasata e vino della casa. Il ristorante del villaggio garantisce dei men\u00f9 personalizzati per chi soffre di intolleranze alimentari. Sovrastante il ristorante coperto, troviamo il ristorante in terrazza. Questo si affaccia sulla piscina centrale. Servizio di Biberoneria: cucina pappe aperta in orari prestabiliti con assistenza alle mamme per il riassetto. Attrezzata con piastre ad infrarossi, forno microonde, frigorifero, frullatore, scalda biberon, omogeneizzatore, pentolini, piatti, stoviglie, seggioloni e fasciatoio. Villaggio selezionato dall&#8217;A.I.C. (Associazione Italiana Celiachia) per la preparazione e somministrazione di pasti senza glutine. Senza costi aggiuntivi<\/p>\n\n\n\n<figure class=\"wp-block-image size-full\"><img loading=\"lazy\" decoding=\"async\" width=\"2560\" height=\"137\" src=\"https:\/\/vacanzaweb.it\/wp-content\/uploads\/2025\/04\/politica_cancellazioni_3000x160-scaled.jpg\" alt=\"\" class=\"wp-image-314\" srcset=\"https:\/\/vacanzaweb.it\/wp-content\/uploads\/2025\/04\/politica_cancellazioni_3000x160-scaled.jpg 2560w, https:\/\/vacanzaweb.it\/wp-content\/uploads\/2025\/04\/politica_cancellazioni_3000x160-300x16.jpg 300w, https:\/\/vacanzaweb.it\/wp-content\/uploads\/2025\/04\/politica_cancellazioni_3000x160-1024x55.jpg 1024w, https:\/\/vacanzaweb.it\/wp-content\/uploads\/2025\/04\/politica_cancellazioni_3000x160-768x41.jpg 768w, https:\/\/vacanzaweb.it\/wp-content\/uploads\/2025\/04\/politica_cancellazioni_3000x160-1536x82.jpg 1536w, https:\/\/vacanzaweb.it\/wp-content\/uploads\/2025\/04\/politica_cancellazioni_3000x160-2048x109.jpg 2048w, https:\/\/vacanzaweb.it\/wp-content\/uploads\/2025\/04\/politica_cancellazioni_3000x160-600x32.jpg 600w\" sizes=\"auto, (max-width: 2560px) 100vw, 2560px\" \/><\/figure>\n\n\n\n<p style=\"font-size:15px\">da 21 giorni a 11 giorni prima dell\u2019arrivo 30% dell\u2019importo del servizio prenotato<br>da 10 giorni a 2 giorni prima dell\u2019arrivo in struttura 75% dell\u2019importo del servizio prenotato<br>da 2 giorni prima dell\u2019arrivo in struttura 100% dell\u2019importo del servizio prenotato.<\/p>\n\n\n\n<p style=\"font-size:15px\">AD ESCLUSIONE DI EVENTUALI CONDIZIONI PARTICOLARI PREVISTE DALLE SINGOLE STRUTTURE<\/p>\n\n\n\n<figure class=\"wp-block-image size-full\"><img loading=\"lazy\" decoding=\"async\" width=\"2560\" height=\"137\" src=\"https:\/\/vacanzaweb.it\/wp-content\/uploads\/2025\/04\/politica_animali_3000x160-scaled.jpg\" alt=\"\" class=\"wp-image-315\" srcset=\"https:\/\/vacanzaweb.it\/wp-content\/uploads\/2025\/04\/politica_animali_3000x160-scaled.jpg 2560w, https:\/\/vacanzaweb.it\/wp-content\/uploads\/2025\/04\/politica_animali_3000x160-300x16.jpg 300w, https:\/\/vacanzaweb.it\/wp-content\/uploads\/2025\/04\/politica_animali_3000x160-1024x55.jpg 1024w, https:\/\/vacanzaweb.it\/wp-content\/uploads\/2025\/04\/politica_animali_3000x160-768x41.jpg 768w, https:\/\/vacanzaweb.it\/wp-content\/uploads\/2025\/04\/politica_animali_3000x160-1536x82.jpg 1536w, https:\/\/vacanzaweb.it\/wp-content\/uploads\/2025\/04\/politica_animali_3000x160-2048x109.jpg 2048w, https:\/\/vacanzaweb.it\/wp-content\/uploads\/2025\/04\/politica_animali_3000x160-600x32.jpg 600w\" sizes=\"auto, (max-width: 2560px) 100vw, 2560px\" \/><\/figure>\n\n\n\n<p style=\"font-size:15px\">Ammessi con supplemento \u20ac 150.00 per disinfestazione finale, da pagare in loco. Non possono circolare nei locali, nelle aree comuni e in spiaggia. Solo in camera, fuori dal villaggio e in apposita area loro dedicata (dog village) con percorso agility.<\/p>\n\n\n\n<figure class=\"wp-block-image size-full\"><img loading=\"lazy\" decoding=\"async\" width=\"2560\" height=\"137\" src=\"https:\/\/vacanzaweb.it\/wp-content\/uploads\/2025\/04\/check_3000x160-scaled.jpg\" alt=\"\" class=\"wp-image-316\" srcset=\"https:\/\/vacanzaweb.it\/wp-content\/uploads\/2025\/04\/check_3000x160-scaled.jpg 2560w, https:\/\/vacanzaweb.it\/wp-content\/uploads\/2025\/04\/check_3000x160-300x16.jpg 300w, https:\/\/vacanzaweb.it\/wp-content\/uploads\/2025\/04\/check_3000x160-1024x55.jpg 1024w, https:\/\/vacanzaweb.it\/wp-content\/uploads\/2025\/04\/check_3000x160-768x41.jpg 768w, https:\/\/vacanzaweb.it\/wp-content\/uploads\/2025\/04\/check_3000x160-1536x82.jpg 1536w, https:\/\/vacanzaweb.it\/wp-content\/uploads\/2025\/04\/check_3000x160-2048x109.jpg 2048w, https:\/\/vacanzaweb.it\/wp-content\/uploads\/2025\/04\/check_3000x160-600x32.jpg 600w\" sizes=\"auto, (max-width: 2560px) 100vw, 2560px\" \/><\/figure>\n\n\n\n<p style=\"font-size:15px\">Check In: dalle ore 16.00<br>Check Out: entro le ore 10.00\u00a0<\/p>\n","protected":false},"excerpt":{"rendered":"<p>Il Villaggio \u00e8 situato a Marina di Nova Siri, sul litorale Jonico, direttamente sul mare e immerso in una bellissima pineta \u00e8 un vero eden del relax, del piacere e del divertimento, grazie alle tante possibilit\u00e0 di svago e ai servizi che offre. Tabella Prezzi &hellip; <\/p>\n","protected":false},"author":1,"featured_media":0,"parent":1371,"menu_order":0,"comment_status":"closed","ping_status":"closed","template":"","meta":{"ngg_post_thumbnail":0,"footnotes":""},"class_list":["post-1380","page","type-page","status-publish","hentry"],"_links":{"self":[{"href":"https:\/\/vacanzaweb.it\/index.php\/wp-json\/wp\/v2\/pages\/1380","targetHints":{"allow":["GET"]}}],"collection":[{"href":"https:\/\/vacanzaweb.it\/index.php\/wp-json\/wp\/v2\/pages"}],"about":[{"href":"https:\/\/vacanzaweb.it\/index.php\/wp-json\/wp\/v2\/types\/page"}],"author":[{"embeddable":true,"href":"https:\/\/vacanzaweb.it\/index.php\/wp-json\/wp\/v2\/users\/1"}],"replies":[{"embeddable":true,"href":"https:\/\/vacanzaweb.it\/index.php\/wp-json\/wp\/v2\/comments?post=1380"}],"version-history":[{"count":1,"href":"https:\/\/vacanzaweb.it\/index.php\/wp-json\/wp\/v2\/pages\/1380\/revisions"}],"predecessor-version":[{"id":1382,"href":"https:\/\/vacanzaweb.it\/index.php\/wp-json\/wp\/v2\/pages\/1380\/revisions\/1382"}],"up":[{"embeddable":true,"href":"https:\/\/vacanzaweb.it\/index.php\/wp-json\/wp\/v2\/pages\/1371"}],"wp:attachment":[{"href":"https:\/\/vacanzaweb.it\/index.php\/wp-json\/wp\/v2\/media?parent=1380"}],"curies":[{"name":"wp","href":"https:\/\/api.w.org\/{rel}","templated":true}]}}