{"id":1395,"date":"2025-05-05T08:38:54","date_gmt":"2025-05-05T06:38:54","guid":{"rendered":"https:\/\/vacanzaweb.it\/?page_id=1395"},"modified":"2025-05-05T08:39:45","modified_gmt":"2025-05-05T06:39:45","slug":"solone-beach-resort","status":"publish","type":"page","link":"https:\/\/vacanzaweb.it\/index.php\/hotel-in-campania\/solone-beach-resort\/","title":{"rendered":"Solone Beach Resort 3*"},"content":{"rendered":"\n<p style=\"font-size:15px\">Il complesso Solone Beach Resort \u00e8 situato ad Ascea Marina nel cuore del Parco Nazionale Del Cilento. Offre la possibilit\u00e0 di vivere tutti gli aspetti pi\u00f9 accattivanti del territorio del Parco, dai suggestivi scavi archeologici di Velia, l\u2019antica Elea, a soli 350 metri, alle indimenticabili atmosfere naturali e ambientali contornate da un mare cristallino insignito ormai da molti anni dalla Bandiera Blu.<\/p>\n\n\nngg_shortcode_0_placeholder\n\n\n<h2 class=\"wp-block-heading has-cyan-bluish-gray-background-color has-background\" style=\"font-size:20px\">Tabella Prezzi<\/h2>\n\n\n<div class=\"wp-block-image\">\n<figure class=\"aligncenter size-full\"><img loading=\"lazy\" decoding=\"async\" width=\"1542\" height=\"1075\" src=\"https:\/\/vacanzaweb.it\/wp-content\/uploads\/2025\/05\/solone_beach_prezzi.jpg\" alt=\"\" class=\"wp-image-1396\" srcset=\"https:\/\/vacanzaweb.it\/wp-content\/uploads\/2025\/05\/solone_beach_prezzi.jpg 1542w, https:\/\/vacanzaweb.it\/wp-content\/uploads\/2025\/05\/solone_beach_prezzi-300x209.jpg 300w, https:\/\/vacanzaweb.it\/wp-content\/uploads\/2025\/05\/solone_beach_prezzi-1024x714.jpg 1024w, https:\/\/vacanzaweb.it\/wp-content\/uploads\/2025\/05\/solone_beach_prezzi-768x535.jpg 768w, https:\/\/vacanzaweb.it\/wp-content\/uploads\/2025\/05\/solone_beach_prezzi-1536x1071.jpg 1536w, https:\/\/vacanzaweb.it\/wp-content\/uploads\/2025\/05\/solone_beach_prezzi-86x60.jpg 86w, https:\/\/vacanzaweb.it\/wp-content\/uploads\/2025\/05\/solone_beach_prezzi-600x418.jpg 600w\" sizes=\"auto, (max-width: 1542px) 100vw, 1542px\" \/><\/figure>\n<\/div>\n\n\n<div style=\"height:50px\" aria-hidden=\"true\" class=\"wp-block-spacer\"><\/div>\n\n\n\n<figure class=\"wp-block-image size-full\"><img loading=\"lazy\" decoding=\"async\" width=\"2560\" height=\"137\" src=\"https:\/\/vacanzaweb.it\/wp-content\/uploads\/2025\/04\/incluso_3000x160-scaled.jpg\" alt=\"\" class=\"wp-image-309\" srcset=\"https:\/\/vacanzaweb.it\/wp-content\/uploads\/2025\/04\/incluso_3000x160-scaled.jpg 2560w, https:\/\/vacanzaweb.it\/wp-content\/uploads\/2025\/04\/incluso_3000x160-300x16.jpg 300w, https:\/\/vacanzaweb.it\/wp-content\/uploads\/2025\/04\/incluso_3000x160-1024x55.jpg 1024w, https:\/\/vacanzaweb.it\/wp-content\/uploads\/2025\/04\/incluso_3000x160-768x41.jpg 768w, https:\/\/vacanzaweb.it\/wp-content\/uploads\/2025\/04\/incluso_3000x160-1536x82.jpg 1536w, https:\/\/vacanzaweb.it\/wp-content\/uploads\/2025\/04\/incluso_3000x160-2048x109.jpg 2048w, https:\/\/vacanzaweb.it\/wp-content\/uploads\/2025\/04\/incluso_3000x160-600x32.jpg 600w\" sizes=\"auto, (max-width: 2560px) 100vw, 2560px\" \/><\/figure>\n\n\n\n<p style=\"font-size:15px\">Tariffe in pensione completa con acqua e vino inclusi ai pasti.<br>I soggiorni iniziano con la cena e termina con la colazione.<\/p>\n\n\n\n<figure class=\"wp-block-image size-full\"><img loading=\"lazy\" decoding=\"async\" width=\"2560\" height=\"138\" src=\"https:\/\/vacanzaweb.it\/wp-content\/uploads\/2025\/04\/non_incluso_3000x160-scaled.jpg\" alt=\"\" class=\"wp-image-310\" srcset=\"https:\/\/vacanzaweb.it\/wp-content\/uploads\/2025\/04\/non_incluso_3000x160-scaled.jpg 2560w, https:\/\/vacanzaweb.it\/wp-content\/uploads\/2025\/04\/non_incluso_3000x160-300x16.jpg 300w, https:\/\/vacanzaweb.it\/wp-content\/uploads\/2025\/04\/non_incluso_3000x160-1024x55.jpg 1024w, https:\/\/vacanzaweb.it\/wp-content\/uploads\/2025\/04\/non_incluso_3000x160-768x41.jpg 768w, https:\/\/vacanzaweb.it\/wp-content\/uploads\/2025\/04\/non_incluso_3000x160-1536x83.jpg 1536w, https:\/\/vacanzaweb.it\/wp-content\/uploads\/2025\/04\/non_incluso_3000x160-2048x111.jpg 2048w, https:\/\/vacanzaweb.it\/wp-content\/uploads\/2025\/04\/non_incluso_3000x160-600x32.jpg 600w\" sizes=\"auto, (max-width: 2560px) 100vw, 2560px\" \/><\/figure>\n\n\n\n<p style=\"font-size:15px\"><strong>COSTI OBBLIGATORI DA PAGARE IN LOCO<\/strong>:<br><strong>Tessera Club<\/strong>: \u20ac 45 settimanali per persona a partire dai 4 anni, obbligatoria da regolare in loco include animazione diurna e serale, miniclub, area giochi bambini, area fitness, utilizzo campo da calcetto, servizio spiaggia con ombrellone, 1 sdraio e 1 lettino assegnato per camera. Per soggiorni occasionali di durata inferiore alle 7 notti, il costo giornaliero della stessa \u00e8 quantizzato in \u20ac 7.<br><strong>Ombrellone prima fila: <\/strong>\u20ac 150,00 a settimana<br><strong>Ombrellone supplementare:<\/strong> Previa disponibilit\u00e0, \u20ac 105 settimanali<br><strong>Tassa di soggiorno:<\/strong> secondo normativa comunale<br><strong>Deposito cauzionale<\/strong>: \u20ac 50,00 a camera<\/p>\n\n\n\n<figure class=\"wp-block-image size-full\"><img loading=\"lazy\" decoding=\"async\" width=\"2560\" height=\"138\" src=\"https:\/\/vacanzaweb.it\/wp-content\/uploads\/2025\/04\/stanze_3000x160-scaled.jpg\" alt=\"\" class=\"wp-image-311\" srcset=\"https:\/\/vacanzaweb.it\/wp-content\/uploads\/2025\/04\/stanze_3000x160-scaled.jpg 2560w, https:\/\/vacanzaweb.it\/wp-content\/uploads\/2025\/04\/stanze_3000x160-300x16.jpg 300w, https:\/\/vacanzaweb.it\/wp-content\/uploads\/2025\/04\/stanze_3000x160-1024x55.jpg 1024w, https:\/\/vacanzaweb.it\/wp-content\/uploads\/2025\/04\/stanze_3000x160-768x42.jpg 768w, https:\/\/vacanzaweb.it\/wp-content\/uploads\/2025\/04\/stanze_3000x160-1536x83.jpg 1536w, https:\/\/vacanzaweb.it\/wp-content\/uploads\/2025\/04\/stanze_3000x160-2048x111.jpg 2048w, https:\/\/vacanzaweb.it\/wp-content\/uploads\/2025\/04\/stanze_3000x160-600x32.jpg 600w\" sizes=\"auto, (max-width: 2560px) 100vw, 2560px\" \/><\/figure>\n\n\n\n<p style=\"font-size:15px\">La struttura mette a disposizione degli ospiti 50 camere spaziose e confortevoli, con arredi semplici ma graziosi. Tutte dotate di TV, frigo\/bar, aria condizionata, bagno privato con doccia, wc, bidet, asciugacapelli, la maggior parte dispongono di terrazzo o patio. Le camere possono ospitare da 1 a 6 persone; disponibili anche le camere economy, ideali per due persone, con piccola finestra alta, senza patio esterno.<\/p>\n\n\n\n<figure class=\"wp-block-image size-full\"><img loading=\"lazy\" decoding=\"async\" width=\"2560\" height=\"137\" src=\"https:\/\/vacanzaweb.it\/wp-content\/uploads\/2025\/04\/attivita_servizi_3000x160-scaled.jpg\" alt=\"\" class=\"wp-image-312\" srcset=\"https:\/\/vacanzaweb.it\/wp-content\/uploads\/2025\/04\/attivita_servizi_3000x160-scaled.jpg 2560w, https:\/\/vacanzaweb.it\/wp-content\/uploads\/2025\/04\/attivita_servizi_3000x160-300x16.jpg 300w, https:\/\/vacanzaweb.it\/wp-content\/uploads\/2025\/04\/attivita_servizi_3000x160-1024x55.jpg 1024w, https:\/\/vacanzaweb.it\/wp-content\/uploads\/2025\/04\/attivita_servizi_3000x160-768x41.jpg 768w, https:\/\/vacanzaweb.it\/wp-content\/uploads\/2025\/04\/attivita_servizi_3000x160-1536x82.jpg 1536w, https:\/\/vacanzaweb.it\/wp-content\/uploads\/2025\/04\/attivita_servizi_3000x160-2048x109.jpg 2048w, https:\/\/vacanzaweb.it\/wp-content\/uploads\/2025\/04\/attivita_servizi_3000x160-600x32.jpg 600w\" sizes=\"auto, (max-width: 2560px) 100vw, 2560px\" \/><\/figure>\n\n\n\n<p style=\"font-size:15px\">L\u2019hotel mette a disposizione degli ospiti 2 piscine, una per bambini ed una per adulti con solarium circostante attrezzato. Inoltre ampia hall, Wi-Fi nelle aree comuni, sala ristorante climatizzata, sala ricreativa con maxi schermo circondata dal verde dei giardini e delle aiuole sempre ben curate, parcheggio privato non custodito e possibilit\u00e0 di noleggio bici. L\u2019Area piscine offre una incantevole vista Torre dell\u2019antica citt\u00e0 di Elea-Velia (rinomata zona archeologica) patrimonio mondiale Unesco. Area Giochi bambini attrezzata, area fitness (con accesso contingentato), campo da calcetto. La struttura presenta pi\u00f9 punti BAR, di cui uno direttamente in sala, attivo durante i principali pasti e il Bar Centrale, situato nel cuore della struttura e limitrofo all\u2019area piscine, operativo durante l\u2019intero arco della giornata, presso il quale si possono degustare Cocktail e Aperitivi in pieno relax.\u00a0 Numerose attivit\u00e0 diurne con giochi, tornei e sport, caratterizzano il servizio offerto dalla nostra equipe di animazione. Spettacoli serali con cabaret, piano bar, live show, karaoke ed entusiasmanti serate a tema. Uno staff dedicato accompagna i pi\u00f9 piccoli durante tutto il giorno. I bambini trascorreranno in totale sicurezza giornate ricche di emozioni con attivit\u00e0 di Miniclub e Junior Club. La struttura dispone del suo lido con beach bar. A soli 300 mt dalla struttura si estende l\u2019ampia <strong>spiaggia<\/strong> privata di sabbia fine e dorata, attrezzata con ombrelloni sdraio e lettini, collegata al complesso da un percorso pianeggiante e comodamente raggiungibile a piedi.<\/p>\n\n\n\n<figure class=\"wp-block-image size-full\"><img loading=\"lazy\" decoding=\"async\" width=\"2560\" height=\"137\" src=\"https:\/\/vacanzaweb.it\/wp-content\/uploads\/2025\/04\/ristorazione_3000x160-scaled.jpg\" alt=\"\" class=\"wp-image-313\" srcset=\"https:\/\/vacanzaweb.it\/wp-content\/uploads\/2025\/04\/ristorazione_3000x160-scaled.jpg 2560w, https:\/\/vacanzaweb.it\/wp-content\/uploads\/2025\/04\/ristorazione_3000x160-300x16.jpg 300w, https:\/\/vacanzaweb.it\/wp-content\/uploads\/2025\/04\/ristorazione_3000x160-1024x55.jpg 1024w, https:\/\/vacanzaweb.it\/wp-content\/uploads\/2025\/04\/ristorazione_3000x160-768x41.jpg 768w, https:\/\/vacanzaweb.it\/wp-content\/uploads\/2025\/04\/ristorazione_3000x160-1536x82.jpg 1536w, https:\/\/vacanzaweb.it\/wp-content\/uploads\/2025\/04\/ristorazione_3000x160-2048x109.jpg 2048w, https:\/\/vacanzaweb.it\/wp-content\/uploads\/2025\/04\/ristorazione_3000x160-600x32.jpg 600w\" sizes=\"auto, (max-width: 2560px) 100vw, 2560px\" \/><\/figure>\n\n\n\n<p style=\"font-size:15px\">La qualit\u00e0 e la bont\u00e0 della cucina \u00e8 senz\u2019altro il fiore all\u2019occhiello della struttura, basata su piatti tipici regionali e della tradizione Cilentana. Il Trattamento di pensione completa prevede per la prima colazione, cos\u00ec come per il pranzo e la cena, il servizio a buffet assistito. A Pranzo e Cena i nostri chef propongono due primi, due secondi, un variegato buffet di antipasti, contorni e prodotti da forno. Incluso ai pasti, acqua e vino scaraffati, frutta a pranzo e dessert a cena. Importante: Il nostro ristorante \u00e8 vicino agli ospiti con intolleranze alimentari, ai quali siamo pronti a dedicare la massima attenzione ma con obbligo di segnalazione all\u2019atto della prenotazione. Men\u00f9 dedicati ai pi\u00f9 piccoli: Per i bambini viene proposto un men\u00f9 specifico e per gli infant invece \u00e8 previsto il servizio biberoneria, in area dedicata, attrezzata, curato dal nostro staff in orari che precedono il pranzo e la cena. Non sono disponibili prodotti per la prima infanzia, come latte e omogeneizzati, ma a disposizione delle mamme vengono offerti prodotti di base come brodo vegetale, passato di verdura, salsa di pomodoro al naturale e su richiesta vellutate di prodotti di stagione. Offre inoltre pastina, condimenti e frutta fresca.<\/p>\n\n\n\n<figure class=\"wp-block-image size-full\"><img loading=\"lazy\" decoding=\"async\" width=\"2560\" height=\"137\" src=\"https:\/\/vacanzaweb.it\/wp-content\/uploads\/2025\/04\/politica_cancellazioni_3000x160-scaled.jpg\" alt=\"\" class=\"wp-image-314\" srcset=\"https:\/\/vacanzaweb.it\/wp-content\/uploads\/2025\/04\/politica_cancellazioni_3000x160-scaled.jpg 2560w, https:\/\/vacanzaweb.it\/wp-content\/uploads\/2025\/04\/politica_cancellazioni_3000x160-300x16.jpg 300w, https:\/\/vacanzaweb.it\/wp-content\/uploads\/2025\/04\/politica_cancellazioni_3000x160-1024x55.jpg 1024w, https:\/\/vacanzaweb.it\/wp-content\/uploads\/2025\/04\/politica_cancellazioni_3000x160-768x41.jpg 768w, https:\/\/vacanzaweb.it\/wp-content\/uploads\/2025\/04\/politica_cancellazioni_3000x160-1536x82.jpg 1536w, https:\/\/vacanzaweb.it\/wp-content\/uploads\/2025\/04\/politica_cancellazioni_3000x160-2048x109.jpg 2048w, https:\/\/vacanzaweb.it\/wp-content\/uploads\/2025\/04\/politica_cancellazioni_3000x160-600x32.jpg 600w\" sizes=\"auto, (max-width: 2560px) 100vw, 2560px\" \/><\/figure>\n\n\n\n<p style=\"font-size:15px\">da 21 giorni a 11 giorni prima dell\u2019arrivo 30% dell\u2019importo del servizio prenotato<br>da 10 giorni a 2 giorni prima dell\u2019arrivo in struttura 75% dell\u2019importo del servizio prenotato<br>da 2 giorni prima dell\u2019arrivo in struttura 100% dell\u2019importo del servizio prenotato.<\/p>\n\n\n\n<p style=\"font-size:15px\">AD ESCLUSIONE DI EVENTUALI CONDIZIONI PARTICOLARI PREVISTE DALLE SINGOLE STRUTTURE<\/p>\n\n\n\n<figure class=\"wp-block-image size-full\"><img loading=\"lazy\" decoding=\"async\" width=\"2560\" height=\"137\" src=\"https:\/\/vacanzaweb.it\/wp-content\/uploads\/2025\/04\/politica_animali_3000x160-scaled.jpg\" alt=\"\" class=\"wp-image-315\" srcset=\"https:\/\/vacanzaweb.it\/wp-content\/uploads\/2025\/04\/politica_animali_3000x160-scaled.jpg 2560w, https:\/\/vacanzaweb.it\/wp-content\/uploads\/2025\/04\/politica_animali_3000x160-300x16.jpg 300w, https:\/\/vacanzaweb.it\/wp-content\/uploads\/2025\/04\/politica_animali_3000x160-1024x55.jpg 1024w, https:\/\/vacanzaweb.it\/wp-content\/uploads\/2025\/04\/politica_animali_3000x160-768x41.jpg 768w, https:\/\/vacanzaweb.it\/wp-content\/uploads\/2025\/04\/politica_animali_3000x160-1536x82.jpg 1536w, https:\/\/vacanzaweb.it\/wp-content\/uploads\/2025\/04\/politica_animali_3000x160-2048x109.jpg 2048w, https:\/\/vacanzaweb.it\/wp-content\/uploads\/2025\/04\/politica_animali_3000x160-600x32.jpg 600w\" sizes=\"auto, (max-width: 2560px) 100vw, 2560px\" \/><\/figure>\n\n\n\n<p style=\"font-size:15px\">Non ammessi.<\/p>\n\n\n\n<figure class=\"wp-block-image size-full\"><img loading=\"lazy\" decoding=\"async\" width=\"2560\" height=\"137\" src=\"https:\/\/vacanzaweb.it\/wp-content\/uploads\/2025\/04\/check_3000x160-scaled.jpg\" alt=\"\" class=\"wp-image-316\" srcset=\"https:\/\/vacanzaweb.it\/wp-content\/uploads\/2025\/04\/check_3000x160-scaled.jpg 2560w, https:\/\/vacanzaweb.it\/wp-content\/uploads\/2025\/04\/check_3000x160-300x16.jpg 300w, https:\/\/vacanzaweb.it\/wp-content\/uploads\/2025\/04\/check_3000x160-1024x55.jpg 1024w, https:\/\/vacanzaweb.it\/wp-content\/uploads\/2025\/04\/check_3000x160-768x41.jpg 768w, https:\/\/vacanzaweb.it\/wp-content\/uploads\/2025\/04\/check_3000x160-1536x82.jpg 1536w, https:\/\/vacanzaweb.it\/wp-content\/uploads\/2025\/04\/check_3000x160-2048x109.jpg 2048w, https:\/\/vacanzaweb.it\/wp-content\/uploads\/2025\/04\/check_3000x160-600x32.jpg 600w\" sizes=\"auto, (max-width: 2560px) 100vw, 2560px\" \/><\/figure>\n\n\n\n<p style=\"font-size:15px\">Check In: Ore 17.00<br>Check Out: Ore 10.00&nbsp;<\/p>\n","protected":false},"excerpt":{"rendered":"<p>Il complesso Solone Beach Resort \u00e8 situato ad Ascea Marina nel cuore del Parco Nazionale Del Cilento. Offre la possibilit\u00e0 di vivere tutti gli aspetti pi\u00f9 accattivanti del territorio del Parco, dai suggestivi scavi archeologici di Velia, l\u2019antica Elea, a soli 350 metri, alle indimenticabili &hellip; <\/p>\n","protected":false},"author":1,"featured_media":0,"parent":1391,"menu_order":0,"comment_status":"closed","ping_status":"closed","template":"","meta":{"ngg_post_thumbnail":0,"footnotes":""},"class_list":["post-1395","page","type-page","status-publish","hentry"],"_links":{"self":[{"href":"https:\/\/vacanzaweb.it\/index.php\/wp-json\/wp\/v2\/pages\/1395","targetHints":{"allow":["GET"]}}],"collection":[{"href":"https:\/\/vacanzaweb.it\/index.php\/wp-json\/wp\/v2\/pages"}],"about":[{"href":"https:\/\/vacanzaweb.it\/index.php\/wp-json\/wp\/v2\/types\/page"}],"author":[{"embeddable":true,"href":"https:\/\/vacanzaweb.it\/index.php\/wp-json\/wp\/v2\/users\/1"}],"replies":[{"embeddable":true,"href":"https:\/\/vacanzaweb.it\/index.php\/wp-json\/wp\/v2\/comments?post=1395"}],"version-history":[{"count":1,"href":"https:\/\/vacanzaweb.it\/index.php\/wp-json\/wp\/v2\/pages\/1395\/revisions"}],"predecessor-version":[{"id":1397,"href":"https:\/\/vacanzaweb.it\/index.php\/wp-json\/wp\/v2\/pages\/1395\/revisions\/1397"}],"up":[{"embeddable":true,"href":"https:\/\/vacanzaweb.it\/index.php\/wp-json\/wp\/v2\/pages\/1391"}],"wp:attachment":[{"href":"https:\/\/vacanzaweb.it\/index.php\/wp-json\/wp\/v2\/media?parent=1395"}],"curies":[{"name":"wp","href":"https:\/\/api.w.org\/{rel}","templated":true}]}}