{"id":1496,"date":"2026-02-05T10:08:20","date_gmt":"2026-02-05T09:08:20","guid":{"rendered":"https:\/\/vacanzaweb.it\/?page_id=1496"},"modified":"2026-02-05T10:54:30","modified_gmt":"2026-02-05T09:54:30","slug":"cammino_santiago","status":"publish","type":"page","link":"https:\/\/vacanzaweb.it\/index.php\/cammino_santiago\/","title":{"rendered":"CAMMINO di SANTIAGO"},"content":{"rendered":"<div class=\"wp-block-image\">\n<figure class=\"aligncenter size-large\"><img loading=\"lazy\" decoding=\"async\" width=\"825\" height=\"1024\" src=\"http:\/\/vacanzaweb.it\/wp-content\/uploads\/2026\/02\/Cammino_santiago_front-825x1024.jpeg\" alt=\"\" class=\"wp-image-1511\" srcset=\"https:\/\/vacanzaweb.it\/wp-content\/uploads\/2026\/02\/Cammino_santiago_front-825x1024.jpeg 825w, https:\/\/vacanzaweb.it\/wp-content\/uploads\/2026\/02\/Cammino_santiago_front-242x300.jpeg 242w, https:\/\/vacanzaweb.it\/wp-content\/uploads\/2026\/02\/Cammino_santiago_front-768x954.jpeg 768w, https:\/\/vacanzaweb.it\/wp-content\/uploads\/2026\/02\/Cammino_santiago_front-48x60.jpeg 48w, https:\/\/vacanzaweb.it\/wp-content\/uploads\/2026\/02\/Cammino_santiago_front-600x745.jpeg 600w, https:\/\/vacanzaweb.it\/wp-content\/uploads\/2026\/02\/Cammino_santiago_front.jpeg 955w\" sizes=\"auto, (max-width: 825px) 100vw, 825px\" \/><\/figure>\n<\/div>\n\n\n<p class=\"has-text-align-center has-white-color has-black-background-color has-text-color has-background has-link-color wp-elements-6031c006cecf4320ffff087c39fe0877\"><strong><a href=\"https:\/\/vacanzaweb.it\/index.php\/28-marzo-saint-jean-pdp-logrono\/\">1\u00b0 TAPPA &#8211; Saint Jean PdP => Logro\u00f1o<\/a><br><a href=\"https:\/\/vacanzaweb.it\/index.php\/28-marzo-saint-jean-pdp-logrono\/\">dal 28 Marzo al 6 Aprile<\/a><\/strong><\/p>\n\n\n\n<p class=\"has-medium-font-size\"><strong>PERCHE&#8217; farlo con i nostri COORDINATORI<\/strong> ?<\/p>\n\n\n\n<p>Il Coordinatore \u00e8 un esperto del Cammino di Santiago \u00e8 ha altre esperienze che lo rendono un tecnico efficace sotto molti aspetti. Tuttavia \u00e8 da precisare che il Coordinatore non \u00e8 una guida ne un accompagnatore turistico. La figura del Coordinatore \u00e8 legata ad un supporto sul cammino e anche nel prepararsi al cammino. Il coordinatore non risponde legalmente delle azioni dei viaggiatori (violente, di vandalismo o illegali di qualunque forma), ne risponde di problematiche legate agli alloggi o a furti (rimandando il sinistro all&#8217;assicurazione). Supporta nella sicurezza e nel soccorso in caso di necessit\u00e0 sia in prima persona, che attraverso le forze dell&#8217;ordine, o i soccorritori locali (di cui ne ha tutti i contatti). Consiglia il da farsi ai pellegrini che seguono il tour attraverso il programma di \u201cVerso Santiago\u201d, ma non c&#8217;\u00e8 obbligo di seguire le prassi consigliate sul cammino o nelle localit\u00e0 raggiunte. Tuttavia se le persone non seguono il programma e decidono di: andarsene<br>altrove, non continuare il cammino, ecc. Il coordinatore manleva se stesso e il TO da ogni<br>responsabilit\u00e0 (chiedendo alla\/alle persona\/ne di compilare un modulo di scarico delle<br>responsabilit\u00e0 prima di partire. In caso di comportamenti come quelli descritti verr\u00e0 contro firmato del Coordinatore e inviato al TO che provveder\u00e0 alle sanzioni. Oppure a fine tour se non ci fossero stati problemi, il modulo verr\u00e0 strappato davanti ai pellegrini). Il coordinatore mantiene i contatti con tutti i pellegrini del tour sia via messaggio che dando appuntamenti in luoghi precisi delle localit\u00e0 raggiunte a fine tappa; tuttavia non accompagna in albergo tutti i pellegrini (tranne chi va in ostello con lui), poich\u00e9 le soluzioni d&#8217;alloggio possono essere molteplici e questo potrebbe diventare terribilmente dispersivo (specialmente nelle grandi citt\u00e0). In merito a questo, per quanto possibile si consiglia il TO di non allontanare i partecipanti al tour troppo lontani dal centro delle citt\u00e0 (con le soluzioni d&#8217;alloggio non comunali o donative, poich\u00e9 queste sono quasi tutte nei centri citt\u00e0). Ci sono orari di partenza da rispettare con uno scarto di 30 minuti massimo. In caso le persone non si<br>presentassero e non rispondessero alle chiamate o non si facessero trovare nei propri alloggi dal coordinatore che li andasse a cercare. Il tour proseguirebbe senza di queste persone, segnalando l&#8217;accaduto al TO e chiedendo agli altri pellegrini di testimoniare l&#8217;accaduto. Altri atteggiamenti di disturbo come uso di droghe o abuso di alcolici diventando di disturbo per il resto della comitiva, se ripetuto pi\u00f9 di una volta e avvisati del disagio, il coordinatore potr\u00e0 allontanare del Tour le persone in questione (avvisando il TO dell&#8217;accaduto). Il cammino di Santiago, al di l\u00e0 della fede \u00e8 un cammino spirituale e ha delle regole di comportamento civiche e conviviali che devono essere rispettate.<br>Il programma \u00e8 valido sia per l&#8217;offerta Classic che quella Gold (possono variare gli orari di partenza al mattino a seconda delle stagioni). Tutto il Cammino \u00e8 zaino in Spalla, ma si pu\u00f2 avere un extra bagaglio da far trasportare tra le varie tappe, da un servizio di trasporto locale dedicato ai pellegrini.<br>Il Carico dello Zaino non deve superare il 10-20% del peso corporeo, tuttavia il Coordinazione consiglia un carico di massimo 5\/6 kg che con l&#8217;acqua non deve superare gli 8\/10 Kg.<br>Nel costo del viaggio i servizi del Coordinatore sono all inclusive e comprendono:<br>1) Consulenze preparatorie: ginnico sportiva e posturale.<br>2) Consulenza abbigliamento tecnico (clima, anti parassiti, anti vesciche, anti trauma).<br>3) Ispezione tratta e territorio (prima che arrivino i pellegrini).<br>4) Assistenza sul cammino:<br>&#8211; Sicurezza (su punti e situazioni critiche),<br>&#8211; Briefing serale sulla tratta del giorno dopo<br>&#8211; Riscaldamento al mattino e defaticamento la sera<br>&#8211; Assistenza continua in cammino.<\/p>\n\n\n\n<p>I Pasti non sono compresi nel costo di viaggio, poich\u00e9 le persone amano sperimentare le realt\u00e0 locali, oppure negli ostelli nelle realt\u00e0 Classic si pu\u00f2 cucinare. Gli unici pasti inclusi sono le prime colazioni negli alloggi del pacchetto Gold. Il Coordinatore propone sempre momenti conviviali di cene fuori o in ostello (in ostello pu\u00f2 entrare anche chi alloggia altrove, basta una registrazione all&#8217;ingresso).<br><br>Le quote extra sono:<br>1) Esperienze extra da vivere nei paesi dove si arriva (tra i 15 e i 30 euro),<br>2) Trasporto bagagli (8 euro),<br>3) Le Credenziali del Pellegrino (15 euro),<br>4) La capa santa, la conchiglia del cammino (5 euro).<br><br>Queste quote sono facoltative, poich\u00e9 non \u00e8 obbligatorio acquistare i servizio o partecipare alle attivit\u00e0. Inoltre le esperienze vengono proposte nel briefing serale del giorno prima, poich\u00e9 sono proposte a sorpresa. Le proposte extra possono anche non esserci poich\u00e9 molte sono attive solo in estate da Giugno a Settembre.<br>La divisa \u00e8 una t-shirt con il Brand di: Verso Santiago, viene data da indossare per le foto<br>promozionali del tour e volendo si pu\u00f2 indossare sempre. Viene consegnata a tutti all&#8217;inizio del Cammino. Non \u00e8 obbligatorio acquistarla, ma se volessero farlo alla fine del tour, ha un costo di 10 euro.<br>Il costo del volo pu\u00f2 variare e questo pu\u00f2 determinare il costo finale del pacchetto.<\/p>\n\n\n\n\n","protected":false},"excerpt":{"rendered":"<p>1\u00b0 TAPPA &#8211; Saint Jean PdP => Logro\u00f1odal 28 Marzo al 6 Aprile PERCHE&#8217; farlo con i nostri COORDINATORI ? Il Coordinatore \u00e8 un esperto del Cammino di Santiago \u00e8 ha altre esperienze che lo rendono un tecnico efficace sotto molti aspetti. Tuttavia \u00e8 da &hellip; <\/p>\n","protected":false},"author":1,"featured_media":0,"parent":0,"menu_order":0,"comment_status":"closed","ping_status":"closed","template":"","meta":{"ngg_post_thumbnail":0,"footnotes":""},"class_list":["post-1496","page","type-page","status-publish","hentry"],"_links":{"self":[{"href":"https:\/\/vacanzaweb.it\/index.php\/wp-json\/wp\/v2\/pages\/1496","targetHints":{"allow":["GET"]}}],"collection":[{"href":"https:\/\/vacanzaweb.it\/index.php\/wp-json\/wp\/v2\/pages"}],"about":[{"href":"https:\/\/vacanzaweb.it\/index.php\/wp-json\/wp\/v2\/types\/page"}],"author":[{"embeddable":true,"href":"https:\/\/vacanzaweb.it\/index.php\/wp-json\/wp\/v2\/users\/1"}],"replies":[{"embeddable":true,"href":"https:\/\/vacanzaweb.it\/index.php\/wp-json\/wp\/v2\/comments?post=1496"}],"version-history":[{"count":3,"href":"https:\/\/vacanzaweb.it\/index.php\/wp-json\/wp\/v2\/pages\/1496\/revisions"}],"predecessor-version":[{"id":1514,"href":"https:\/\/vacanzaweb.it\/index.php\/wp-json\/wp\/v2\/pages\/1496\/revisions\/1514"}],"wp:attachment":[{"href":"https:\/\/vacanzaweb.it\/index.php\/wp-json\/wp\/v2\/media?parent=1496"}],"curies":[{"name":"wp","href":"https:\/\/api.w.org\/{rel}","templated":true}]}}