{"id":357,"date":"2025-04-29T11:39:13","date_gmt":"2025-04-29T09:39:13","guid":{"rendered":"https:\/\/vacanzaweb.it\/?page_id=357"},"modified":"2025-04-30T09:39:23","modified_gmt":"2025-04-30T07:39:23","slug":"villaggio-punta-grossa","status":"publish","type":"page","link":"https:\/\/vacanzaweb.it\/index.php\/hotel-in-puglia\/villaggio-punta-grossa\/","title":{"rendered":"Villaggio Punta Grossa 4*"},"content":{"rendered":"\n<p style=\"font-size:15px\">A pochissimi chilometri a nord di Porto Cesareo, in una delle localit\u00e0 pi\u00f9 belle del Salento, si trova il Villaggio turistico Punta Grossa. Posto direttamente sul Mar Ionio, nell\u2019area del Parco Marino di Porto Cesareo, il villaggio \u00e8 completamente immerso nella natura, tra il bosco dell\u2019Arneo, il Parco di Castiglione e le aree protette Palude del Conte e Dune Costiere.<\/p>\n\n\nngg_shortcode_0_placeholder\n\n\n<h2 class=\"wp-block-heading has-cyan-bluish-gray-background-color has-background\" style=\"font-size:20px\">Tabella Prezzi<\/h2>\n\n\n\n<p class=\"has-text-align-center\"><strong>FORMULA &#8220;HOTEL&#8221;<\/strong><\/p>\n\n\n<div class=\"wp-block-image\">\n<figure class=\"aligncenter size-full\"><img loading=\"lazy\" decoding=\"async\" width=\"2179\" height=\"1706\" src=\"https:\/\/vacanzaweb.it\/wp-content\/uploads\/2025\/04\/punta_grossa_prezzi_new.jpg\" alt=\"\" class=\"wp-image-629\" srcset=\"https:\/\/vacanzaweb.it\/wp-content\/uploads\/2025\/04\/punta_grossa_prezzi_new.jpg 2179w, https:\/\/vacanzaweb.it\/wp-content\/uploads\/2025\/04\/punta_grossa_prezzi_new-300x235.jpg 300w, https:\/\/vacanzaweb.it\/wp-content\/uploads\/2025\/04\/punta_grossa_prezzi_new-1024x802.jpg 1024w, https:\/\/vacanzaweb.it\/wp-content\/uploads\/2025\/04\/punta_grossa_prezzi_new-768x601.jpg 768w, https:\/\/vacanzaweb.it\/wp-content\/uploads\/2025\/04\/punta_grossa_prezzi_new-1536x1203.jpg 1536w, https:\/\/vacanzaweb.it\/wp-content\/uploads\/2025\/04\/punta_grossa_prezzi_new-2048x1603.jpg 2048w, https:\/\/vacanzaweb.it\/wp-content\/uploads\/2025\/04\/punta_grossa_prezzi_new-77x60.jpg 77w, https:\/\/vacanzaweb.it\/wp-content\/uploads\/2025\/04\/punta_grossa_prezzi_new-600x470.jpg 600w\" sizes=\"auto, (max-width: 2179px) 100vw, 2179px\" \/><\/figure>\n<\/div>\n\n\n<p class=\"has-text-align-center\"><strong>FORMULA &#8220;RESIDENCE&#8221;<\/strong><\/p>\n\n\n\n<figure class=\"wp-block-image size-full\"><img loading=\"lazy\" decoding=\"async\" width=\"1940\" height=\"1675\" src=\"https:\/\/vacanzaweb.it\/wp-content\/uploads\/2025\/04\/punta_grossa_residence_prezzi-1.jpg\" alt=\"\" class=\"wp-image-635\" srcset=\"https:\/\/vacanzaweb.it\/wp-content\/uploads\/2025\/04\/punta_grossa_residence_prezzi-1.jpg 1940w, https:\/\/vacanzaweb.it\/wp-content\/uploads\/2025\/04\/punta_grossa_residence_prezzi-1-300x259.jpg 300w, https:\/\/vacanzaweb.it\/wp-content\/uploads\/2025\/04\/punta_grossa_residence_prezzi-1-1024x884.jpg 1024w, https:\/\/vacanzaweb.it\/wp-content\/uploads\/2025\/04\/punta_grossa_residence_prezzi-1-768x663.jpg 768w, https:\/\/vacanzaweb.it\/wp-content\/uploads\/2025\/04\/punta_grossa_residence_prezzi-1-1536x1326.jpg 1536w, https:\/\/vacanzaweb.it\/wp-content\/uploads\/2025\/04\/punta_grossa_residence_prezzi-1-69x60.jpg 69w, https:\/\/vacanzaweb.it\/wp-content\/uploads\/2025\/04\/punta_grossa_residence_prezzi-1-600x518.jpg 600w\" sizes=\"auto, (max-width: 1940px) 100vw, 1940px\" \/><\/figure>\n\n\n\n<div style=\"height:50px\" aria-hidden=\"true\" class=\"wp-block-spacer\"><\/div>\n\n\n\n<figure class=\"wp-block-image size-full\"><img loading=\"lazy\" decoding=\"async\" width=\"2560\" height=\"137\" src=\"https:\/\/vacanzaweb.it\/wp-content\/uploads\/2025\/04\/incluso_3000x160-scaled.jpg\" alt=\"\" class=\"wp-image-309\" srcset=\"https:\/\/vacanzaweb.it\/wp-content\/uploads\/2025\/04\/incluso_3000x160-scaled.jpg 2560w, https:\/\/vacanzaweb.it\/wp-content\/uploads\/2025\/04\/incluso_3000x160-300x16.jpg 300w, https:\/\/vacanzaweb.it\/wp-content\/uploads\/2025\/04\/incluso_3000x160-1024x55.jpg 1024w, https:\/\/vacanzaweb.it\/wp-content\/uploads\/2025\/04\/incluso_3000x160-768x41.jpg 768w, https:\/\/vacanzaweb.it\/wp-content\/uploads\/2025\/04\/incluso_3000x160-1536x82.jpg 1536w, https:\/\/vacanzaweb.it\/wp-content\/uploads\/2025\/04\/incluso_3000x160-2048x109.jpg 2048w, https:\/\/vacanzaweb.it\/wp-content\/uploads\/2025\/04\/incluso_3000x160-600x32.jpg 600w\" sizes=\"auto, (max-width: 2560px) 100vw, 2560px\" \/><\/figure>\n\n\n\n<p style=\"font-size:15px\">Tariffe settimanali a persona in <strong>Pensione Completa<\/strong> con acqua e vino incluse ai pasti. Inizio soggiorno con la cena del giorno di arrivo &#8211; Fine soggiorno con pranzo del giorno di partenza.<\/p>\n\n\n\n<figure class=\"wp-block-image size-full\"><img loading=\"lazy\" decoding=\"async\" width=\"2560\" height=\"138\" src=\"https:\/\/vacanzaweb.it\/wp-content\/uploads\/2025\/04\/non_incluso_3000x160-scaled.jpg\" alt=\"\" class=\"wp-image-310\" srcset=\"https:\/\/vacanzaweb.it\/wp-content\/uploads\/2025\/04\/non_incluso_3000x160-scaled.jpg 2560w, https:\/\/vacanzaweb.it\/wp-content\/uploads\/2025\/04\/non_incluso_3000x160-300x16.jpg 300w, https:\/\/vacanzaweb.it\/wp-content\/uploads\/2025\/04\/non_incluso_3000x160-1024x55.jpg 1024w, https:\/\/vacanzaweb.it\/wp-content\/uploads\/2025\/04\/non_incluso_3000x160-768x41.jpg 768w, https:\/\/vacanzaweb.it\/wp-content\/uploads\/2025\/04\/non_incluso_3000x160-1536x83.jpg 1536w, https:\/\/vacanzaweb.it\/wp-content\/uploads\/2025\/04\/non_incluso_3000x160-2048x111.jpg 2048w, https:\/\/vacanzaweb.it\/wp-content\/uploads\/2025\/04\/non_incluso_3000x160-600x32.jpg 600w\" sizes=\"auto, (max-width: 2560px) 100vw, 2560px\" \/><\/figure>\n\n\n\n<p style=\"font-size:15px\"><strong>COSTI OBBLIGATORI DA PAGARE IN AGENZIA:<br><\/strong><strong>Tessera Club<\/strong> obbligatoria da pagare in agenzia (dal 22\/06 al 07\/09) \u20ac 35 a persona a partire dai 4 anni (non include il servizio spiaggia)&nbsp;&nbsp;&nbsp;&nbsp;&nbsp;&nbsp; &nbsp;<br><strong>Infant 0\/3 anni n.c<\/strong>.&nbsp; Gratis nel letto con i genitori, se non in eccedenza ai posti letto previsti&nbsp;&nbsp;&nbsp;&nbsp;&nbsp;&nbsp;&nbsp;&nbsp;&nbsp;&nbsp;&nbsp;&nbsp;&nbsp;&nbsp;&nbsp;&nbsp;&nbsp;&nbsp;&nbsp;&nbsp;&nbsp;&nbsp; &nbsp;<\/p>\n\n\n\n<p style=\"font-size:15px\"><strong>COSTI OBBLIGATORI DA PAGARE IN LOCO:<br><\/strong><strong>Tassa di Soggiorno:<\/strong> dal 1\/5 al 30\/6 e dal 1\/09 al 30\/09 \u20ac 2, dal 1\/07 al 31\/08 \u20ac 3 per persona per max 7 notti (dai 16 ai 69 anni) non inclusa.<br><strong>Cauzione<\/strong>: \u20ac 150 a camera obbligatoria da versare in contanti al momento del check-in, rimborsabile a fine soggiorno.<\/p>\n\n\n\n<p style=\"font-size:15px\"><strong>COSTI FACOLTATIVI DA PAGARE IN LOCO:<br><\/strong><strong>Supplemento culla <\/strong>\u20ac 50 a settimana (gli infant non possono essere in eccedenza ai posti letto della camera)<\/p>\n\n\n\n<p style=\"font-size:15px\"><strong>Kit asciugamani per Infan<\/strong>t \u20ac 50,00 a settimana su richiesta alla prenotazione&nbsp;&nbsp; &nbsp;<\/p>\n\n\n\n<figure class=\"wp-block-image size-full\"><img loading=\"lazy\" decoding=\"async\" width=\"2560\" height=\"138\" src=\"https:\/\/vacanzaweb.it\/wp-content\/uploads\/2025\/04\/stanze_3000x160-scaled.jpg\" alt=\"\" class=\"wp-image-311\" srcset=\"https:\/\/vacanzaweb.it\/wp-content\/uploads\/2025\/04\/stanze_3000x160-scaled.jpg 2560w, https:\/\/vacanzaweb.it\/wp-content\/uploads\/2025\/04\/stanze_3000x160-300x16.jpg 300w, https:\/\/vacanzaweb.it\/wp-content\/uploads\/2025\/04\/stanze_3000x160-1024x55.jpg 1024w, https:\/\/vacanzaweb.it\/wp-content\/uploads\/2025\/04\/stanze_3000x160-768x42.jpg 768w, https:\/\/vacanzaweb.it\/wp-content\/uploads\/2025\/04\/stanze_3000x160-1536x83.jpg 1536w, https:\/\/vacanzaweb.it\/wp-content\/uploads\/2025\/04\/stanze_3000x160-2048x111.jpg 2048w, https:\/\/vacanzaweb.it\/wp-content\/uploads\/2025\/04\/stanze_3000x160-600x32.jpg 600w\" sizes=\"auto, (max-width: 2560px) 100vw, 2560px\" \/><\/figure>\n\n\n\n<p style=\"font-size:15px\">Gli appartamenti, a piano terra o al primo piano, sono realizzati con un alto grado di finiture. Perfettamente arredati, sono tutti dotati di servizi con doccia, TV-sat, telefono, aria condizionata autonoma, cucina attrezzata (anche con frigorifero e forno microonde), veranda coperta attrezzata; alcuni con 2\u00aa doccia esterna e cassetta di sicurezza privata. Riassetto giornaliero della camera con cambio biancheria da bagno. Appartamenti destinati al soggiorno in formula hotel:<br>&#8211; <strong>Family Room<\/strong> 2\/3 posti primo piano (Mq 35): nasce come monolocale, ma con l&#8217;arredamento \u00e8 stato possibile creare due ambienti separati. Si trova nel Comparto A del villaggio ed \u00e8 composta da soggiorno con angolo cottura attrezzato con mini frigo, 2 piastre elettriche e forno a microonde, TV color, divano letto doppio con materassi ortopedici, camera matrimoniale, telefono e cassetta di sicurezza privata; bagno con box doccia e asciuga-capelli; due verande di cui una attrezzata per mangiare anche fuori e l&#8217;altra fornita di stendibiancheria.<br>&#8211; <strong>Bilocale tipo E<\/strong> 2\/4 posti letto piano terra (Mq 45) si trova nel Comparto A del villaggio ed \u00e8 composto da soggiorno con angolo cottura attrezzato con mini frigo, 2 piastre elettriche e forno a microonde, TV color, divano letto doppio e armadio letto con materassi ortopedici, camera matrimoniale, telefono e cassetta di sicurezza privata; bagno con box doccia e asciuga-capelli; una piacevole veranda attrezzata per mangiare anche fuori e una seconda veranda fornita di doccia esterna e stendibiancheria.<\/p>\n\n\n\n<figure class=\"wp-block-image size-full\"><img loading=\"lazy\" decoding=\"async\" width=\"2560\" height=\"137\" src=\"https:\/\/vacanzaweb.it\/wp-content\/uploads\/2025\/04\/attivita_servizi_3000x160-scaled.jpg\" alt=\"\" class=\"wp-image-312\" srcset=\"https:\/\/vacanzaweb.it\/wp-content\/uploads\/2025\/04\/attivita_servizi_3000x160-scaled.jpg 2560w, https:\/\/vacanzaweb.it\/wp-content\/uploads\/2025\/04\/attivita_servizi_3000x160-300x16.jpg 300w, https:\/\/vacanzaweb.it\/wp-content\/uploads\/2025\/04\/attivita_servizi_3000x160-1024x55.jpg 1024w, https:\/\/vacanzaweb.it\/wp-content\/uploads\/2025\/04\/attivita_servizi_3000x160-768x41.jpg 768w, https:\/\/vacanzaweb.it\/wp-content\/uploads\/2025\/04\/attivita_servizi_3000x160-1536x82.jpg 1536w, https:\/\/vacanzaweb.it\/wp-content\/uploads\/2025\/04\/attivita_servizi_3000x160-2048x109.jpg 2048w, https:\/\/vacanzaweb.it\/wp-content\/uploads\/2025\/04\/attivita_servizi_3000x160-600x32.jpg 600w\" sizes=\"auto, (max-width: 2560px) 100vw, 2560px\" \/><\/figure>\n\n\n\n<p style=\"font-size:15px\">Il villaggio si compone di due parti collegate tra loro da un sottopassaggio pedonale. Nel Comparto A \u00e8 presente una piscina per adulti con vasca idromassaggio e una piscina per bambini, il bar, il ristorante &#8220;Alba Radiosa&#8221; riservato agli ospiti che soggiornano in formula hotel, l&#8217;anfiteatro, una lavanderia self service, 2 campi da tennis, parco giochi, calcetto e palestra outdoor. Nel Comparto B \u00e8 ubicata la reception, supermercato, edicola-oggettistica, boutique, sale giochi multimediali, 8 piste di bowling, presidio medico, il ristorante-pizzeria &#8220;Il Corallo&#8221; (\u00e0 la carte), il music bar &#8220;Bat\u00e0&#8221; che si affaccia sulla piscina con 2 vasche (adulti e bambini) e solarium. Wi-fi gratuito. La fruibilit\u00e0 dei servizi pu\u00f2 variare. La Tessera Club include: cocktail di benvenuto, traffico internet, uso delle piscine con ombrelloni e sdraio fino ad esaurimento, parco giochi, palestra outdoor, uso diurno dei campi sportivi di tennis e calcetto su prenotazione. Dal 02\/06 al 08\/09 include anche animazione diurna e serale con giochi e tornei sportivi, piano-bar, cabaret, spettacoli, serate danzanti e disco nel rispetto della normativa vigente; Mini Club 3\/7 anni, Junior Club 8\/12 anni, Teen Club 13\/19 anni con attivit\u00e0 e personale specializzato, ad orari prestabiliti. A pagamento in loco: bowling, uso dei campi sportivi di tennis e calcetto a partire dalle 18:30. Escursioni guidate. Go kart, equitazione, centro sub e diving nelle vicinanze. La struttura dista dalla <strong>spiaggia<\/strong> libera 400 metri raggiungibile a piedi (presso la reception \u00e8 possibile noleggiare ombrelloni per uso personale). Nel raggio di 2 Km dalla struttura ci sono diversi lidi tra i quali Punta Prosciutto e Padula Fede raggiungibili e prenotabili in autonomia dagli ospiti (nel periodo estivo \u00e8 attivo un servizio navetta urbano, con fermata all\u2019ingresso del villaggio, che serve la litoranea da Punta Prosciutto a Torre Lapillo fino a Porto Cesareo centro).<\/p>\n\n\n\n<figure class=\"wp-block-image size-full\"><img loading=\"lazy\" decoding=\"async\" width=\"2560\" height=\"137\" src=\"https:\/\/vacanzaweb.it\/wp-content\/uploads\/2025\/04\/ristorazione_3000x160-scaled.jpg\" alt=\"\" class=\"wp-image-313\" srcset=\"https:\/\/vacanzaweb.it\/wp-content\/uploads\/2025\/04\/ristorazione_3000x160-scaled.jpg 2560w, https:\/\/vacanzaweb.it\/wp-content\/uploads\/2025\/04\/ristorazione_3000x160-300x16.jpg 300w, https:\/\/vacanzaweb.it\/wp-content\/uploads\/2025\/04\/ristorazione_3000x160-1024x55.jpg 1024w, https:\/\/vacanzaweb.it\/wp-content\/uploads\/2025\/04\/ristorazione_3000x160-768x41.jpg 768w, https:\/\/vacanzaweb.it\/wp-content\/uploads\/2025\/04\/ristorazione_3000x160-1536x82.jpg 1536w, https:\/\/vacanzaweb.it\/wp-content\/uploads\/2025\/04\/ristorazione_3000x160-2048x109.jpg 2048w, https:\/\/vacanzaweb.it\/wp-content\/uploads\/2025\/04\/ristorazione_3000x160-600x32.jpg 600w\" sizes=\"auto, (max-width: 2560px) 100vw, 2560px\" \/><\/figure>\n\n\n\n<p style=\"font-size:15px\">\u201cAlba Radiosa\u201d \u00e8 il ristorante riservato agli ospiti della Formula Hotel con servizio a buffet. Ha un&#8217;ampia sala molto gradevole e confortevole, climatizzata, con bar e punto informazioni. Al mattino vi attende un ricco buffet per la colazione con tanti dolci fatti in casa, frutta, formaggi, salumi, prodotti tipici pugliesi e tanto altro. A pranzo e cena il ristorante, specializzato nella cucina italiana, propone a buffet diverse variet\u00e0 di pietanze di terra o di mare, ma anche vegetariane. Non mancheranno serate dedicate alla cucina tipica salentina, la degustazione di vini locali e serate con cucina internazionale.<\/p>\n\n\n\n<figure class=\"wp-block-image size-full\"><img loading=\"lazy\" decoding=\"async\" width=\"2560\" height=\"137\" src=\"https:\/\/vacanzaweb.it\/wp-content\/uploads\/2025\/04\/politica_cancellazioni_3000x160-scaled.jpg\" alt=\"\" class=\"wp-image-314\" srcset=\"https:\/\/vacanzaweb.it\/wp-content\/uploads\/2025\/04\/politica_cancellazioni_3000x160-scaled.jpg 2560w, https:\/\/vacanzaweb.it\/wp-content\/uploads\/2025\/04\/politica_cancellazioni_3000x160-300x16.jpg 300w, https:\/\/vacanzaweb.it\/wp-content\/uploads\/2025\/04\/politica_cancellazioni_3000x160-1024x55.jpg 1024w, https:\/\/vacanzaweb.it\/wp-content\/uploads\/2025\/04\/politica_cancellazioni_3000x160-768x41.jpg 768w, https:\/\/vacanzaweb.it\/wp-content\/uploads\/2025\/04\/politica_cancellazioni_3000x160-1536x82.jpg 1536w, https:\/\/vacanzaweb.it\/wp-content\/uploads\/2025\/04\/politica_cancellazioni_3000x160-2048x109.jpg 2048w, https:\/\/vacanzaweb.it\/wp-content\/uploads\/2025\/04\/politica_cancellazioni_3000x160-600x32.jpg 600w\" sizes=\"auto, (max-width: 2560px) 100vw, 2560px\" \/><\/figure>\n\n\n\n<p style=\"font-size:15px\">da 21 giorni a 11 giorni prima dell\u2019arrivo 30% dell\u2019importo del servizio prenotato<br>da 10 giorni a 2 giorni prima dell\u2019arrivo in struttura 75% dell\u2019importo del servizio prenotato<br>da 2 giorni prima dell\u2019arrivo in struttura 100% dell\u2019importo del servizio prenotato.<\/p>\n\n\n\n<p style=\"font-size:15px\">AD ESCLUSIONE DI EVENTUALI CONDIZIONI PARTICOLARI PREVISTE DALLE SINGOLE STRUTTURE<\/p>\n\n\n\n<figure class=\"wp-block-image size-full\"><img loading=\"lazy\" decoding=\"async\" width=\"2560\" height=\"137\" src=\"https:\/\/vacanzaweb.it\/wp-content\/uploads\/2025\/04\/politica_animali_3000x160-scaled.jpg\" alt=\"\" class=\"wp-image-315\" srcset=\"https:\/\/vacanzaweb.it\/wp-content\/uploads\/2025\/04\/politica_animali_3000x160-scaled.jpg 2560w, https:\/\/vacanzaweb.it\/wp-content\/uploads\/2025\/04\/politica_animali_3000x160-300x16.jpg 300w, https:\/\/vacanzaweb.it\/wp-content\/uploads\/2025\/04\/politica_animali_3000x160-1024x55.jpg 1024w, https:\/\/vacanzaweb.it\/wp-content\/uploads\/2025\/04\/politica_animali_3000x160-768x41.jpg 768w, https:\/\/vacanzaweb.it\/wp-content\/uploads\/2025\/04\/politica_animali_3000x160-1536x82.jpg 1536w, https:\/\/vacanzaweb.it\/wp-content\/uploads\/2025\/04\/politica_animali_3000x160-2048x109.jpg 2048w, https:\/\/vacanzaweb.it\/wp-content\/uploads\/2025\/04\/politica_animali_3000x160-600x32.jpg 600w\" sizes=\"auto, (max-width: 2560px) 100vw, 2560px\" \/><\/figure>\n\n\n\n<p style=\"font-size:15px\">Non ammessi.<\/p>\n\n\n\n<figure class=\"wp-block-image size-full\"><img loading=\"lazy\" decoding=\"async\" width=\"2560\" height=\"137\" src=\"https:\/\/vacanzaweb.it\/wp-content\/uploads\/2025\/04\/check_3000x160-scaled.jpg\" alt=\"\" class=\"wp-image-316\" srcset=\"https:\/\/vacanzaweb.it\/wp-content\/uploads\/2025\/04\/check_3000x160-scaled.jpg 2560w, https:\/\/vacanzaweb.it\/wp-content\/uploads\/2025\/04\/check_3000x160-300x16.jpg 300w, https:\/\/vacanzaweb.it\/wp-content\/uploads\/2025\/04\/check_3000x160-1024x55.jpg 1024w, https:\/\/vacanzaweb.it\/wp-content\/uploads\/2025\/04\/check_3000x160-768x41.jpg 768w, https:\/\/vacanzaweb.it\/wp-content\/uploads\/2025\/04\/check_3000x160-1536x82.jpg 1536w, https:\/\/vacanzaweb.it\/wp-content\/uploads\/2025\/04\/check_3000x160-2048x109.jpg 2048w, https:\/\/vacanzaweb.it\/wp-content\/uploads\/2025\/04\/check_3000x160-600x32.jpg 600w\" sizes=\"auto, (max-width: 2560px) 100vw, 2560px\" \/><\/figure>\n\n\n\n<p style=\"font-size:15px\">Check In: dalle 17.00 alle 21.00<br>Check Out: Entro le ore 10.00&nbsp;<\/p>\n","protected":false},"excerpt":{"rendered":"<p>A pochissimi chilometri a nord di Porto Cesareo, in una delle localit\u00e0 pi\u00f9 belle del Salento, si trova il Villaggio turistico Punta Grossa. Posto direttamente sul Mar Ionio, nell\u2019area del Parco Marino di Porto Cesareo, il villaggio \u00e8 completamente immerso nella natura, tra il bosco &hellip; <\/p>\n","protected":false},"author":1,"featured_media":0,"parent":290,"menu_order":0,"comment_status":"closed","ping_status":"closed","template":"","meta":{"ngg_post_thumbnail":0,"footnotes":""},"class_list":["post-357","page","type-page","status-publish","hentry"],"_links":{"self":[{"href":"https:\/\/vacanzaweb.it\/index.php\/wp-json\/wp\/v2\/pages\/357","targetHints":{"allow":["GET"]}}],"collection":[{"href":"https:\/\/vacanzaweb.it\/index.php\/wp-json\/wp\/v2\/pages"}],"about":[{"href":"https:\/\/vacanzaweb.it\/index.php\/wp-json\/wp\/v2\/types\/page"}],"author":[{"embeddable":true,"href":"https:\/\/vacanzaweb.it\/index.php\/wp-json\/wp\/v2\/users\/1"}],"replies":[{"embeddable":true,"href":"https:\/\/vacanzaweb.it\/index.php\/wp-json\/wp\/v2\/comments?post=357"}],"version-history":[{"count":3,"href":"https:\/\/vacanzaweb.it\/index.php\/wp-json\/wp\/v2\/pages\/357\/revisions"}],"predecessor-version":[{"id":636,"href":"https:\/\/vacanzaweb.it\/index.php\/wp-json\/wp\/v2\/pages\/357\/revisions\/636"}],"up":[{"embeddable":true,"href":"https:\/\/vacanzaweb.it\/index.php\/wp-json\/wp\/v2\/pages\/290"}],"wp:attachment":[{"href":"https:\/\/vacanzaweb.it\/index.php\/wp-json\/wp\/v2\/media?parent=357"}],"curies":[{"name":"wp","href":"https:\/\/api.w.org\/{rel}","templated":true}]}}