{"id":454,"date":"2025-04-29T18:23:09","date_gmt":"2025-04-29T16:23:09","guid":{"rendered":"https:\/\/vacanzaweb.it\/?page_id=454"},"modified":"2025-04-30T09:25:55","modified_gmt":"2025-04-30T07:25:55","slug":"green-park-village","status":"publish","type":"page","link":"https:\/\/vacanzaweb.it\/index.php\/hotel-in-puglia\/green-park-village\/","title":{"rendered":"Green Park Village 4*"},"content":{"rendered":"\n<p style=\"font-size:15px\">Villaggio a 4 stelle, o\ufb00re ai suoi clienti una gamma completa di servizi e attivit\u00e0. Immerso nel verde e incastonato tra le meraviglie del Gargano, \u00e8 l&#8217;ideale per famiglie con bambini, per vivere una vacanza da ricordare tra natura, divertimento e buona cucina.<\/p>\n\n\nngg_shortcode_0_placeholder\n\n\n<h2 class=\"wp-block-heading has-cyan-bluish-gray-background-color has-background\" style=\"font-size:20px\">Tabella Prezzi<\/h2>\n\n\n<div class=\"wp-block-image\">\n<figure class=\"aligncenter size-full\"><img loading=\"lazy\" decoding=\"async\" width=\"1561\" height=\"1340\" src=\"https:\/\/vacanzaweb.it\/wp-content\/uploads\/2025\/04\/green_park_village_prezzi.jpg\" alt=\"\" class=\"wp-image-483\" srcset=\"https:\/\/vacanzaweb.it\/wp-content\/uploads\/2025\/04\/green_park_village_prezzi.jpg 1561w, https:\/\/vacanzaweb.it\/wp-content\/uploads\/2025\/04\/green_park_village_prezzi-300x258.jpg 300w, https:\/\/vacanzaweb.it\/wp-content\/uploads\/2025\/04\/green_park_village_prezzi-1024x879.jpg 1024w, https:\/\/vacanzaweb.it\/wp-content\/uploads\/2025\/04\/green_park_village_prezzi-768x659.jpg 768w, https:\/\/vacanzaweb.it\/wp-content\/uploads\/2025\/04\/green_park_village_prezzi-1536x1319.jpg 1536w, https:\/\/vacanzaweb.it\/wp-content\/uploads\/2025\/04\/green_park_village_prezzi-70x60.jpg 70w, https:\/\/vacanzaweb.it\/wp-content\/uploads\/2025\/04\/green_park_village_prezzi-600x515.jpg 600w\" sizes=\"auto, (max-width: 1561px) 100vw, 1561px\" \/><\/figure>\n<\/div>\n\n\n<div style=\"height:50px\" aria-hidden=\"true\" class=\"wp-block-spacer\"><\/div>\n\n\n\n<figure class=\"wp-block-image size-full\"><img loading=\"lazy\" decoding=\"async\" width=\"2560\" height=\"137\" src=\"https:\/\/vacanzaweb.it\/wp-content\/uploads\/2025\/04\/incluso_3000x160-scaled.jpg\" alt=\"\" class=\"wp-image-309\" srcset=\"https:\/\/vacanzaweb.it\/wp-content\/uploads\/2025\/04\/incluso_3000x160-scaled.jpg 2560w, https:\/\/vacanzaweb.it\/wp-content\/uploads\/2025\/04\/incluso_3000x160-300x16.jpg 300w, https:\/\/vacanzaweb.it\/wp-content\/uploads\/2025\/04\/incluso_3000x160-1024x55.jpg 1024w, https:\/\/vacanzaweb.it\/wp-content\/uploads\/2025\/04\/incluso_3000x160-768x41.jpg 768w, https:\/\/vacanzaweb.it\/wp-content\/uploads\/2025\/04\/incluso_3000x160-1536x82.jpg 1536w, https:\/\/vacanzaweb.it\/wp-content\/uploads\/2025\/04\/incluso_3000x160-2048x109.jpg 2048w, https:\/\/vacanzaweb.it\/wp-content\/uploads\/2025\/04\/incluso_3000x160-600x32.jpg 600w\" sizes=\"auto, (max-width: 2560px) 100vw, 2560px\" \/><\/figure>\n\n\n\n<p style=\"font-size:15px\">Tariffe settimanali a persona in <strong>Pensione Completa<\/strong> dalla cena del giorno di arrivo alla colazione del giorno di partenza (6 giorni in fb e 1 giorno in HB) con acqua della casa mineralizzata liscia e gassata inclusa. Soggiorni Domenica\/Domenica Check- in dalle ore 17.00 alle ore 20:00 dopo le 21.00 supplemento obbligatorio \u20ac 30,00 da comunare in struttura. Check-out entro le ore 10:00. Oltre tale orario addebito \u20ac 50,00 obbligatorio con rilascio camera entro le ore 13:00 Infant 0\/1 anno n.c. gratis nel letto con i genitori pasti esclusi senza posto al ristorante.<\/p>\n\n\n\n<p style=\"font-size:15px\"><strong>Tessera Club<\/strong>: servizio di animazione diurna e serale, anfiteatro con spettacoli serali, mini club 4\/9 anni e junior club 10\/15 anni. Spazio giochi dedicato. Piscina unica (parte bassa 120 cm parte alta 300 cm) con idromassaggio (orari di apertura dalle 9.00 alle 13.00 e dalle 16.00 alle 19.30) obbligo cuffia. Ombrelloni e lettini fino a disponibilit\u00e0. Campo polivalente tennis\/calcetto\/pallavolo da concordare con l\u2019animazione, o da prenotazione a pagamento nelle ore serali.<br><strong>Servizio spiaggia<\/strong>: Un ombrellone e due lettini per appartamento dalla terza fila, con assegnazione automatica incluso.<br><strong>Cambio Biancheria da bagno giornaliero <\/strong>(set cortesia solo il giorno di arrivo).<br><strong>Cambio biancheria da letto<\/strong>: 1 volta a settimana (gioved\u00ec);<br><strong>Riassetto Camera<\/strong>: giornaliero.<br><strong>Servizio cassaforte<\/strong> presso la reception.<br><strong>Parcheggio interno<\/strong> al villaggio posto su due livelli in collina (1 posto auto ad appartamento). Il parcheggio \u00e8 tassativamente vietato al difuori delle apposite aree in collina pertanto i parcheggi fuori da tali aree prevedono un costo di \u20ac 20,00 al giorno e verranno detratti dal deposito cauzionale.<\/p>\n\n\n\n<figure class=\"wp-block-image size-full\"><img loading=\"lazy\" decoding=\"async\" width=\"2560\" height=\"138\" src=\"https:\/\/vacanzaweb.it\/wp-content\/uploads\/2025\/04\/non_incluso_3000x160-scaled.jpg\" alt=\"\" class=\"wp-image-310\" srcset=\"https:\/\/vacanzaweb.it\/wp-content\/uploads\/2025\/04\/non_incluso_3000x160-scaled.jpg 2560w, https:\/\/vacanzaweb.it\/wp-content\/uploads\/2025\/04\/non_incluso_3000x160-300x16.jpg 300w, https:\/\/vacanzaweb.it\/wp-content\/uploads\/2025\/04\/non_incluso_3000x160-1024x55.jpg 1024w, https:\/\/vacanzaweb.it\/wp-content\/uploads\/2025\/04\/non_incluso_3000x160-768x41.jpg 768w, https:\/\/vacanzaweb.it\/wp-content\/uploads\/2025\/04\/non_incluso_3000x160-1536x83.jpg 1536w, https:\/\/vacanzaweb.it\/wp-content\/uploads\/2025\/04\/non_incluso_3000x160-2048x111.jpg 2048w, https:\/\/vacanzaweb.it\/wp-content\/uploads\/2025\/04\/non_incluso_3000x160-600x32.jpg 600w\" sizes=\"auto, (max-width: 2560px) 100vw, 2560px\" \/><\/figure>\n\n\n\n<p style=\"font-size:15px\"><strong>COSTI OBBLIGATORI IN LOCO<\/strong>:&nbsp;<br><strong>Deposito Cauzionale<\/strong>: \u20ac 150,00 da pagarsi all\u2019arrivo in struttura in contanti (restituibile a fine soggiorno in assenza di danni o ammanchi).<br><strong>Tassa di soggiorno<\/strong>: Obbligatoria da pagare all\u2019arrivo in struttura secondo normativa comunale.<br><strong>Servizio Parking<\/strong> con posto auto assegnato: \u20ac 20,00 a settimana da pagarsi all&#8217;arrivo. Comprende: servizio a chiamata con accompagnamento in Golf-Cart, per presa e\/o rilascio autovettura presso il Parcheggio e nelle ore previste ed esposte in struttura. Parcheggio interno al villaggio e sito su due livelli in zona collinare (un posto auto ad appartamento).<\/p>\n\n\n\n<p style=\"font-size:15px\"><strong>COSTI FACOLTATIVI IN LOCO<\/strong>:&nbsp;<br>Supplemento <strong>servizio spiaggia<\/strong> da pagare in loco; Prima fila \u20ac 150,00 dal 31\/05 al 28\/06, \u20ac180,00 dal 29\/06 al 09\/08 e dal 24\/08 al 07\/09, \u20ac200,00 dal 10\/08 al 23\/08 | Seconda fila \u20ac120,00 dal 31\/05 al 28\/06, \u20ac150,00 dal 29\/06 al 09\/08 e dal 24\/08 al 07\/09, \u20ac180,00 dal 10\/08 al 23\/08. &nbsp;<br>Utilizzo <strong>angolo cottura<\/strong> dove previsto \u20ac 50,00 a settimana + kit stoviglie \u20ac 35,00&nbsp;<br><strong>Cambio Extra biancheria da letto<\/strong> \u20ac 14,00 matrimoniale \u20ac 6,00 singolo |<strong> Cambio Extra biancheria da bagno<\/strong> \u20ac 10,00 per persona al giorno (1 telo \u2013 1 viso \u2013 1 ospite)&nbsp;<br><strong>Pulizia completa<\/strong> camera \u20ac 20,00 al giorno ad appartamento.<br><strong>Culla<\/strong>: \u20ac 70,00 a settimana.<br><strong>Check- in anticipato<\/strong> da richiedere in struttura almeno 24 ore prima dell\u2019arrivo ingresso ore 12.30 con supplemento per persona \u20ac 35,00 adulti \u20ac 25,00 bambini 3\/10 anni pranzo incluso.&nbsp;<br><strong>Late &#8211; Check-out posticipato <\/strong>da richiedere in struttura almeno 24 ore prima dell\u2019arrivo uscita ore 13.00 con supplemento per persona \u20ac 35,00 adulti \u20ac 25,00 bambini 3\/10 anni pranzo incluso.<\/p>\n\n\n\n<figure class=\"wp-block-image size-full\"><img loading=\"lazy\" decoding=\"async\" width=\"2560\" height=\"138\" src=\"https:\/\/vacanzaweb.it\/wp-content\/uploads\/2025\/04\/stanze_3000x160-scaled.jpg\" alt=\"\" class=\"wp-image-311\" srcset=\"https:\/\/vacanzaweb.it\/wp-content\/uploads\/2025\/04\/stanze_3000x160-scaled.jpg 2560w, https:\/\/vacanzaweb.it\/wp-content\/uploads\/2025\/04\/stanze_3000x160-300x16.jpg 300w, https:\/\/vacanzaweb.it\/wp-content\/uploads\/2025\/04\/stanze_3000x160-1024x55.jpg 1024w, https:\/\/vacanzaweb.it\/wp-content\/uploads\/2025\/04\/stanze_3000x160-768x42.jpg 768w, https:\/\/vacanzaweb.it\/wp-content\/uploads\/2025\/04\/stanze_3000x160-1536x83.jpg 1536w, https:\/\/vacanzaweb.it\/wp-content\/uploads\/2025\/04\/stanze_3000x160-2048x111.jpg 2048w, https:\/\/vacanzaweb.it\/wp-content\/uploads\/2025\/04\/stanze_3000x160-600x32.jpg 600w\" sizes=\"auto, (max-width: 2560px) 100vw, 2560px\" \/><\/figure>\n\n\n\n<p style=\"font-size:15px\">Immersi nel verde e dislocati in modo da permettervi di raggiungere i servizi del villaggio spostandovi comodamente a piedi, gli appartamenti in muratura dotati di veranda, con la possibilit\u00e0 di soggiornare al piano terra oppure al primo piano, a seconda delle esigenze e delle disponibilit\u00e0. Il resort si costituisce di ben 120 alloggi dotati di ogni comfort, l\u2019ideale per le vostre vacanze in compagnia di familiari e amici. Arredati con sobriet\u00e0, pratici e funzionali, le camere Classic (da 2 a 4 persone) sono composte da camera matrimoniale, anticamera, bagno, patio\/veranda coperta, tv-sat, climatizzatore, frigorifero, alcuni sono datati di angolo cottura su richiesta in base alle disponibilit\u00e0 con supplemento da pagare in loco. Infant 0\/1 anni n.c. sono conteggiati ai fini dell\u2019occupazione della tipologia di camera.<\/p>\n\n\n\n<figure class=\"wp-block-image size-full\"><img loading=\"lazy\" decoding=\"async\" width=\"2560\" height=\"137\" src=\"https:\/\/vacanzaweb.it\/wp-content\/uploads\/2025\/04\/attivita_servizi_3000x160-scaled.jpg\" alt=\"\" class=\"wp-image-312\" srcset=\"https:\/\/vacanzaweb.it\/wp-content\/uploads\/2025\/04\/attivita_servizi_3000x160-scaled.jpg 2560w, https:\/\/vacanzaweb.it\/wp-content\/uploads\/2025\/04\/attivita_servizi_3000x160-300x16.jpg 300w, https:\/\/vacanzaweb.it\/wp-content\/uploads\/2025\/04\/attivita_servizi_3000x160-1024x55.jpg 1024w, https:\/\/vacanzaweb.it\/wp-content\/uploads\/2025\/04\/attivita_servizi_3000x160-768x41.jpg 768w, https:\/\/vacanzaweb.it\/wp-content\/uploads\/2025\/04\/attivita_servizi_3000x160-1536x82.jpg 1536w, https:\/\/vacanzaweb.it\/wp-content\/uploads\/2025\/04\/attivita_servizi_3000x160-2048x109.jpg 2048w, https:\/\/vacanzaweb.it\/wp-content\/uploads\/2025\/04\/attivita_servizi_3000x160-600x32.jpg 600w\" sizes=\"auto, (max-width: 2560px) 100vw, 2560px\" \/><\/figure>\n\n\n\n<p style=\"font-size:15px\">Il Villaggio \u00e8 dotato di molti confort tra cui piscina con idromassaggio, campo polivalente tennis\/calcetto\/pallavolo in erba sintetica illuminato, animazione con mini club e junior club, anfiteatro per serate danzanti e spettacoli organizzati, zona giochi per bambini, bar, spiaggia privata, parcheggio auto interno, ristorante, supermercato con rivendita tabacchi e giornali adiacenti, farmacia e maneggio nelle immediate vicinanze, parcheggi interni siti su due livelli in collina inclusi. La <strong>spiaggia<\/strong> privata di sabbia fine dista 200 metri dalla struttura ed \u00e8 raggiungibile tramite attraversamento stradale. Il servizio spiaggia comprende 1 ombrellone e 2 lettini per appartamento a partire dalla 3^ all\u2019ultima fila. A pagamento: servizio spiaggia nelle prime 3 file.<\/p>\n\n\n\n<figure class=\"wp-block-image size-full\"><img loading=\"lazy\" decoding=\"async\" width=\"2560\" height=\"137\" src=\"https:\/\/vacanzaweb.it\/wp-content\/uploads\/2025\/04\/ristorazione_3000x160-scaled.jpg\" alt=\"\" class=\"wp-image-313\" srcset=\"https:\/\/vacanzaweb.it\/wp-content\/uploads\/2025\/04\/ristorazione_3000x160-scaled.jpg 2560w, https:\/\/vacanzaweb.it\/wp-content\/uploads\/2025\/04\/ristorazione_3000x160-300x16.jpg 300w, https:\/\/vacanzaweb.it\/wp-content\/uploads\/2025\/04\/ristorazione_3000x160-1024x55.jpg 1024w, https:\/\/vacanzaweb.it\/wp-content\/uploads\/2025\/04\/ristorazione_3000x160-768x41.jpg 768w, https:\/\/vacanzaweb.it\/wp-content\/uploads\/2025\/04\/ristorazione_3000x160-1536x82.jpg 1536w, https:\/\/vacanzaweb.it\/wp-content\/uploads\/2025\/04\/ristorazione_3000x160-2048x109.jpg 2048w, https:\/\/vacanzaweb.it\/wp-content\/uploads\/2025\/04\/ristorazione_3000x160-600x32.jpg 600w\" sizes=\"auto, (max-width: 2560px) 100vw, 2560px\" \/><\/figure>\n\n\n\n<p style=\"font-size:15px\">Un ambiente raffinato in cui degustare il meglio della cucina tradizionale. La colazione a buffet comprende succhi, latte, caff\u00e8 e cappuccino da dispenser; Cornetti, dolci, biscotti, fette biscottate, marmellate, miele, crema nocciola, yogurt, cereali e salato con salumi e formaggi. Il pranzo e la cena potranno essere svolti con buffet assistito tramite ticket oppure serviti a tavola con comanda da compilare il giorno prima, dove ogni giorno potrete scegliere tra proposte della cucina nazionale e mediterranea. Tutti gli ingredienti sono accuratamente selezionati e scelti. Il servizio di pranzo e Cena comprende: 1 primo a scelta tra 3 portate &#8211; 1 secondo a scelta tra 3 portate accompagnato da contorno abbinato &#8211; 4 portate di insalata su buffet libero &#8211; Frutta di stagione (a discrezione della struttura a cena la frutta potr\u00e0 essere sostituita con 1 dessert) &#8211; Sempre disponibili per tutti pasta in bianco e pasta al pomodoro &#8211; Bevande ai pasti acqua della casa mineralizzata liscia e gasata inclusa ai pasti &#8211; Extra a pagamento: Vino, Coca Cola, Aranciata, Birra e Acqua in bottiglia. Informazioni Utili: Il ristorante non possiede una cucina certificata per celiaci o altre intolleranze pertanto non eroga tale servizio. Al ristorante non \u00e8 possibile ordinare piatti al di fuori del men\u00f9 fisso e giornaliero previsto per il trattamento di pensione completa. Il men\u00f9 \u00e8 unico e non \u00e8 previsto un men\u00f9 bambini. Pappe e prodotti per infant non previsti. Ad ogni Appartamento verr\u00e0 assegnato un tavolo per l\u2019intero periodo di soggiorno a discrezione del ristorante e non sostituibile. Non \u00e8 possibile richiedere tavoli vicini e non \u00e8 consentito tavoli uniti o insieme. Seggiolini per bimbi disponibili fino a esaurimento.<\/p>\n\n\n\n<figure class=\"wp-block-image size-full\"><img loading=\"lazy\" decoding=\"async\" width=\"2560\" height=\"137\" src=\"https:\/\/vacanzaweb.it\/wp-content\/uploads\/2025\/04\/politica_cancellazioni_3000x160-scaled.jpg\" alt=\"\" class=\"wp-image-314\" srcset=\"https:\/\/vacanzaweb.it\/wp-content\/uploads\/2025\/04\/politica_cancellazioni_3000x160-scaled.jpg 2560w, https:\/\/vacanzaweb.it\/wp-content\/uploads\/2025\/04\/politica_cancellazioni_3000x160-300x16.jpg 300w, https:\/\/vacanzaweb.it\/wp-content\/uploads\/2025\/04\/politica_cancellazioni_3000x160-1024x55.jpg 1024w, https:\/\/vacanzaweb.it\/wp-content\/uploads\/2025\/04\/politica_cancellazioni_3000x160-768x41.jpg 768w, https:\/\/vacanzaweb.it\/wp-content\/uploads\/2025\/04\/politica_cancellazioni_3000x160-1536x82.jpg 1536w, https:\/\/vacanzaweb.it\/wp-content\/uploads\/2025\/04\/politica_cancellazioni_3000x160-2048x109.jpg 2048w, https:\/\/vacanzaweb.it\/wp-content\/uploads\/2025\/04\/politica_cancellazioni_3000x160-600x32.jpg 600w\" sizes=\"auto, (max-width: 2560px) 100vw, 2560px\" \/><\/figure>\n\n\n\n<p style=\"font-size:15px\">da 21 giorni a 11 giorni prima dell\u2019arrivo 30% dell\u2019importo del servizio prenotato<br>da 10 giorni a 2 giorni prima dell\u2019arrivo in struttura 75% dell\u2019importo del servizio prenotato<br>da 2 giorni prima dell\u2019arrivo in struttura 100% dell\u2019importo del servizio prenotato.<\/p>\n\n\n\n<p style=\"font-size:15px\">AD ESCLUSIONE DI EVENTUALI CONDIZIONI PARTICOLARI PREVISTE DALLE SINGOLE STRUTTURE<\/p>\n\n\n\n<figure class=\"wp-block-image size-full\"><img loading=\"lazy\" decoding=\"async\" width=\"2560\" height=\"137\" src=\"https:\/\/vacanzaweb.it\/wp-content\/uploads\/2025\/04\/politica_animali_3000x160-scaled.jpg\" alt=\"\" class=\"wp-image-315\" srcset=\"https:\/\/vacanzaweb.it\/wp-content\/uploads\/2025\/04\/politica_animali_3000x160-scaled.jpg 2560w, https:\/\/vacanzaweb.it\/wp-content\/uploads\/2025\/04\/politica_animali_3000x160-300x16.jpg 300w, https:\/\/vacanzaweb.it\/wp-content\/uploads\/2025\/04\/politica_animali_3000x160-1024x55.jpg 1024w, https:\/\/vacanzaweb.it\/wp-content\/uploads\/2025\/04\/politica_animali_3000x160-768x41.jpg 768w, https:\/\/vacanzaweb.it\/wp-content\/uploads\/2025\/04\/politica_animali_3000x160-1536x82.jpg 1536w, https:\/\/vacanzaweb.it\/wp-content\/uploads\/2025\/04\/politica_animali_3000x160-2048x109.jpg 2048w, https:\/\/vacanzaweb.it\/wp-content\/uploads\/2025\/04\/politica_animali_3000x160-600x32.jpg 600w\" sizes=\"auto, (max-width: 2560px) 100vw, 2560px\" \/><\/figure>\n\n\n\n<p style=\"font-size:15px\">Non ammessi.<\/p>\n\n\n\n<figure class=\"wp-block-image size-full\"><img loading=\"lazy\" decoding=\"async\" width=\"2560\" height=\"137\" src=\"https:\/\/vacanzaweb.it\/wp-content\/uploads\/2025\/04\/check_3000x160-scaled.jpg\" alt=\"\" class=\"wp-image-316\" srcset=\"https:\/\/vacanzaweb.it\/wp-content\/uploads\/2025\/04\/check_3000x160-scaled.jpg 2560w, https:\/\/vacanzaweb.it\/wp-content\/uploads\/2025\/04\/check_3000x160-300x16.jpg 300w, https:\/\/vacanzaweb.it\/wp-content\/uploads\/2025\/04\/check_3000x160-1024x55.jpg 1024w, https:\/\/vacanzaweb.it\/wp-content\/uploads\/2025\/04\/check_3000x160-768x41.jpg 768w, https:\/\/vacanzaweb.it\/wp-content\/uploads\/2025\/04\/check_3000x160-1536x82.jpg 1536w, https:\/\/vacanzaweb.it\/wp-content\/uploads\/2025\/04\/check_3000x160-2048x109.jpg 2048w, https:\/\/vacanzaweb.it\/wp-content\/uploads\/2025\/04\/check_3000x160-600x32.jpg 600w\" sizes=\"auto, (max-width: 2560px) 100vw, 2560px\" \/><\/figure>\n\n\n\n<p style=\"font-size:15px\">Check In: dalle ore 17.00 alle ore 20.00<br>Check Out: entro le ore 10.00&nbsp;<\/p>\n","protected":false},"excerpt":{"rendered":"<p>Villaggio a 4 stelle, o\ufb00re ai suoi clienti una gamma completa di servizi e attivit\u00e0. Immerso nel verde e incastonato tra le meraviglie del Gargano, \u00e8 l&#8217;ideale per famiglie con bambini, per vivere una vacanza da ricordare tra natura, divertimento e buona cucina. Tabella Prezzi &hellip; <\/p>\n","protected":false},"author":1,"featured_media":0,"parent":290,"menu_order":0,"comment_status":"closed","ping_status":"closed","template":"","meta":{"ngg_post_thumbnail":0,"footnotes":""},"class_list":["post-454","page","type-page","status-publish","hentry"],"_links":{"self":[{"href":"https:\/\/vacanzaweb.it\/index.php\/wp-json\/wp\/v2\/pages\/454","targetHints":{"allow":["GET"]}}],"collection":[{"href":"https:\/\/vacanzaweb.it\/index.php\/wp-json\/wp\/v2\/pages"}],"about":[{"href":"https:\/\/vacanzaweb.it\/index.php\/wp-json\/wp\/v2\/types\/page"}],"author":[{"embeddable":true,"href":"https:\/\/vacanzaweb.it\/index.php\/wp-json\/wp\/v2\/users\/1"}],"replies":[{"embeddable":true,"href":"https:\/\/vacanzaweb.it\/index.php\/wp-json\/wp\/v2\/comments?post=454"}],"version-history":[{"count":2,"href":"https:\/\/vacanzaweb.it\/index.php\/wp-json\/wp\/v2\/pages\/454\/revisions"}],"predecessor-version":[{"id":623,"href":"https:\/\/vacanzaweb.it\/index.php\/wp-json\/wp\/v2\/pages\/454\/revisions\/623"}],"up":[{"embeddable":true,"href":"https:\/\/vacanzaweb.it\/index.php\/wp-json\/wp\/v2\/pages\/290"}],"wp:attachment":[{"href":"https:\/\/vacanzaweb.it\/index.php\/wp-json\/wp\/v2\/media?parent=454"}],"curies":[{"name":"wp","href":"https:\/\/api.w.org\/{rel}","templated":true}]}}