{"id":916,"date":"2025-05-02T14:03:06","date_gmt":"2025-05-02T12:03:06","guid":{"rendered":"https:\/\/vacanzaweb.it\/?page_id=916"},"modified":"2025-05-05T07:58:29","modified_gmt":"2025-05-05T05:58:29","slug":"relais-capo-spulico","status":"publish","type":"page","link":"https:\/\/vacanzaweb.it\/index.php\/hotel-in-calabria\/relais-capo-spulico\/","title":{"rendered":"Relais Capo Spulico 4*"},"content":{"rendered":"\n<p style=\"font-size:15px\">Relais Capo Spulico Beach &amp; Spa \u00e8 un villaggio adatto al riposo e divertimento. Mare e piscina rendono il resort accessibile per tutti, offrendo ogni comfort possibile per soddisfare tutte le esigenze. L\u2019ambiente che lo circonda lo rende il posto ideale per chi cerca pace, tranquillit\u00e0 e divertimento e avventure.<\/p>\n\n\nngg_shortcode_0_placeholder\n\n\n<h2 class=\"wp-block-heading has-cyan-bluish-gray-background-color has-background\" style=\"font-size:20px\">Tabella Prezzi<\/h2>\n\n\n<div class=\"wp-block-image\">\n<figure class=\"aligncenter size-full\"><img loading=\"lazy\" decoding=\"async\" width=\"1535\" height=\"1210\" src=\"https:\/\/vacanzaweb.it\/wp-content\/uploads\/2025\/05\/relais_capo_spulico_prezzi.jpg\" alt=\"\" class=\"wp-image-917\" srcset=\"https:\/\/vacanzaweb.it\/wp-content\/uploads\/2025\/05\/relais_capo_spulico_prezzi.jpg 1535w, https:\/\/vacanzaweb.it\/wp-content\/uploads\/2025\/05\/relais_capo_spulico_prezzi-300x236.jpg 300w, https:\/\/vacanzaweb.it\/wp-content\/uploads\/2025\/05\/relais_capo_spulico_prezzi-1024x807.jpg 1024w, https:\/\/vacanzaweb.it\/wp-content\/uploads\/2025\/05\/relais_capo_spulico_prezzi-768x605.jpg 768w, https:\/\/vacanzaweb.it\/wp-content\/uploads\/2025\/05\/relais_capo_spulico_prezzi-76x60.jpg 76w, https:\/\/vacanzaweb.it\/wp-content\/uploads\/2025\/05\/relais_capo_spulico_prezzi-600x473.jpg 600w\" sizes=\"auto, (max-width: 1535px) 100vw, 1535px\" \/><\/figure>\n<\/div>\n\n\n<div style=\"height:50px\" aria-hidden=\"true\" class=\"wp-block-spacer\"><\/div>\n\n\n\n<figure class=\"wp-block-image size-full\"><img loading=\"lazy\" decoding=\"async\" width=\"2560\" height=\"137\" src=\"https:\/\/vacanzaweb.it\/wp-content\/uploads\/2025\/04\/incluso_3000x160-scaled.jpg\" alt=\"\" class=\"wp-image-309\" srcset=\"https:\/\/vacanzaweb.it\/wp-content\/uploads\/2025\/04\/incluso_3000x160-scaled.jpg 2560w, https:\/\/vacanzaweb.it\/wp-content\/uploads\/2025\/04\/incluso_3000x160-300x16.jpg 300w, https:\/\/vacanzaweb.it\/wp-content\/uploads\/2025\/04\/incluso_3000x160-1024x55.jpg 1024w, https:\/\/vacanzaweb.it\/wp-content\/uploads\/2025\/04\/incluso_3000x160-768x41.jpg 768w, https:\/\/vacanzaweb.it\/wp-content\/uploads\/2025\/04\/incluso_3000x160-1536x82.jpg 1536w, https:\/\/vacanzaweb.it\/wp-content\/uploads\/2025\/04\/incluso_3000x160-2048x109.jpg 2048w, https:\/\/vacanzaweb.it\/wp-content\/uploads\/2025\/04\/incluso_3000x160-600x32.jpg 600w\" sizes=\"auto, (max-width: 2560px) 100vw, 2560px\" \/><\/figure>\n\n\n\n<p style=\"font-size:15px\">Tariffe in Pensione Completa con bevande ai pasti.\u00a0Il soggiorno inizia con la cena del giorno di arrivo e termina con il pranzo del giorno di partenza.<br><strong>Infant 0\/3 anni <\/strong>n.c. gratis nel letto con i genitori<br><strong>Tessera club<\/strong> inclusa e comprende: servizio Spiaggia comprensivo di un ombrellone e due lettini per camera, animazione serale con spettacoli e musical, Junior Club, Teen Club e Mini Club con programmi dedicati per fascia di et\u00e0, utilizzo della piscina, lezioni collettive di tennis, ginnastica aerobica e acquatica, gare e tornei, feste a tema, uso dei campi sportivi, fitness e palestra, calcetto, tennis da tavolo, danza latino-americano base.<\/p>\n\n\n\n<figure class=\"wp-block-image size-full\"><img loading=\"lazy\" decoding=\"async\" width=\"2560\" height=\"138\" src=\"https:\/\/vacanzaweb.it\/wp-content\/uploads\/2025\/04\/non_incluso_3000x160-scaled.jpg\" alt=\"\" class=\"wp-image-310\" srcset=\"https:\/\/vacanzaweb.it\/wp-content\/uploads\/2025\/04\/non_incluso_3000x160-scaled.jpg 2560w, https:\/\/vacanzaweb.it\/wp-content\/uploads\/2025\/04\/non_incluso_3000x160-300x16.jpg 300w, https:\/\/vacanzaweb.it\/wp-content\/uploads\/2025\/04\/non_incluso_3000x160-1024x55.jpg 1024w, https:\/\/vacanzaweb.it\/wp-content\/uploads\/2025\/04\/non_incluso_3000x160-768x41.jpg 768w, https:\/\/vacanzaweb.it\/wp-content\/uploads\/2025\/04\/non_incluso_3000x160-1536x83.jpg 1536w, https:\/\/vacanzaweb.it\/wp-content\/uploads\/2025\/04\/non_incluso_3000x160-2048x111.jpg 2048w, https:\/\/vacanzaweb.it\/wp-content\/uploads\/2025\/04\/non_incluso_3000x160-600x32.jpg 600w\" sizes=\"auto, (max-width: 2560px) 100vw, 2560px\" \/><\/figure>\n\n\n\n<p style=\"font-size:15px\"><strong>COSTI OBBLIGATORI DA PAGARE IN LOCO:<\/strong><br><strong>Tassa di soggiorno:<\/strong> secondo normativa comunale<\/p>\n\n\n\n<p style=\"font-size:15px\"><strong>COSTI FACOLTATIVI DA PAGARE IN LOCO:<\/strong><br><strong>Culla:<\/strong> da richiedere al momento della prenotazione previa disponibilit\u00e0 con supplemento \u20ac 15,00 al giorno.<\/p>\n\n\n\n<figure class=\"wp-block-image size-full\"><img loading=\"lazy\" decoding=\"async\" width=\"2560\" height=\"138\" src=\"https:\/\/vacanzaweb.it\/wp-content\/uploads\/2025\/04\/stanze_3000x160-scaled.jpg\" alt=\"\" class=\"wp-image-311\" srcset=\"https:\/\/vacanzaweb.it\/wp-content\/uploads\/2025\/04\/stanze_3000x160-scaled.jpg 2560w, https:\/\/vacanzaweb.it\/wp-content\/uploads\/2025\/04\/stanze_3000x160-300x16.jpg 300w, https:\/\/vacanzaweb.it\/wp-content\/uploads\/2025\/04\/stanze_3000x160-1024x55.jpg 1024w, https:\/\/vacanzaweb.it\/wp-content\/uploads\/2025\/04\/stanze_3000x160-768x42.jpg 768w, https:\/\/vacanzaweb.it\/wp-content\/uploads\/2025\/04\/stanze_3000x160-1536x83.jpg 1536w, https:\/\/vacanzaweb.it\/wp-content\/uploads\/2025\/04\/stanze_3000x160-2048x111.jpg 2048w, https:\/\/vacanzaweb.it\/wp-content\/uploads\/2025\/04\/stanze_3000x160-600x32.jpg 600w\" sizes=\"auto, (max-width: 2560px) 100vw, 2560px\" \/><\/figure>\n\n\n\n<p style=\"font-size:15px\">Caratterizzate da arredi di design e cura del particolare, le camere sono tutte dotate di telefono, tv satellitare a schermo piatto, climatizzatore, mini-frigo, cassetta di sicurezza, servizi privati con asciugacapelli, linea cortesia, servizi privati. Disponibili nelle seguenti tipologie: Camera Classic: possono ospitare fino a 4 persone, sono dotate di bagno con doccia. Posizionate tutte al piano terra con comodo patio a livello, vista mare o vista giardino.<\/p>\n\n\n\n<figure class=\"wp-block-image size-full\"><img loading=\"lazy\" decoding=\"async\" width=\"2560\" height=\"137\" src=\"https:\/\/vacanzaweb.it\/wp-content\/uploads\/2025\/04\/attivita_servizi_3000x160-scaled.jpg\" alt=\"\" class=\"wp-image-312\" srcset=\"https:\/\/vacanzaweb.it\/wp-content\/uploads\/2025\/04\/attivita_servizi_3000x160-scaled.jpg 2560w, https:\/\/vacanzaweb.it\/wp-content\/uploads\/2025\/04\/attivita_servizi_3000x160-300x16.jpg 300w, https:\/\/vacanzaweb.it\/wp-content\/uploads\/2025\/04\/attivita_servizi_3000x160-1024x55.jpg 1024w, https:\/\/vacanzaweb.it\/wp-content\/uploads\/2025\/04\/attivita_servizi_3000x160-768x41.jpg 768w, https:\/\/vacanzaweb.it\/wp-content\/uploads\/2025\/04\/attivita_servizi_3000x160-1536x82.jpg 1536w, https:\/\/vacanzaweb.it\/wp-content\/uploads\/2025\/04\/attivita_servizi_3000x160-2048x109.jpg 2048w, https:\/\/vacanzaweb.it\/wp-content\/uploads\/2025\/04\/attivita_servizi_3000x160-600x32.jpg 600w\" sizes=\"auto, (max-width: 2560px) 100vw, 2560px\" \/><\/figure>\n\n\n\n<p style=\"font-size:15px\">Reception 24h, servizio facchinaggio, ristorante, ascensore, deposito biciclette, sala tv, bar, bar in piscina, giardino, terrazza, sala congressi, parcheggio interno secondo disponibilit\u00e0, possibilit\u00e0 di richiesta baby-sitter service (a pagamento), animazione, miniclub, area giochi, servizio biberoneria, piscina scoperta con lettini ed ombrelloni, servizio spiaggia, campi da tennis, bocce, ping pong, noleggio biciclette, pedal\u00f2, tiro con l&#8217;arco, fitness center, centro benessere. Area giochi per bambini in tutta sicurezza nella zona adiacente al mini club. Per gli amanti dello sport, offriamo la possibilit\u00e0 dell\u2019utilizzo diurno gratuito dei campi di calcetto e tennis, mentre l\u2019utilizzo notturno e\u0300 disponibile su prenotazione e a pagamento. Piscina di circa 800 mq, con Pool Bar e possibilit\u00e0 di servizio in acqua, idromassaggio e circondata da un solarium attrezzato. Zona fitness con palestra attrezzata di tutti i macchinari e attrezzi. La struttura dista 180 metri dal mare (spiaggia di ciottoli) in linea d&#8217;aria, raggiungibile con un percorso di circa 400 metri a piedi o con servizio navetta. La spiaggia privata di ciottoli, si trova a 750 mt dal Relais, raggiungibile con un servizio navetta gratuito ed \u00e8 attrezzata con: ombrelloni, sdraio, lettini, docce, servizi igienici, Beach Bar con possibilit\u00e0 di pranzare al ristorante della spiaggia in alternativa a quello centrale su prenotazione, vengono serviti piatti freddi e pizza.<\/p>\n\n\n\n<figure class=\"wp-block-image size-full\"><img loading=\"lazy\" decoding=\"async\" width=\"2560\" height=\"137\" src=\"https:\/\/vacanzaweb.it\/wp-content\/uploads\/2025\/04\/ristorazione_3000x160-scaled.jpg\" alt=\"\" class=\"wp-image-313\" srcset=\"https:\/\/vacanzaweb.it\/wp-content\/uploads\/2025\/04\/ristorazione_3000x160-scaled.jpg 2560w, https:\/\/vacanzaweb.it\/wp-content\/uploads\/2025\/04\/ristorazione_3000x160-300x16.jpg 300w, https:\/\/vacanzaweb.it\/wp-content\/uploads\/2025\/04\/ristorazione_3000x160-1024x55.jpg 1024w, https:\/\/vacanzaweb.it\/wp-content\/uploads\/2025\/04\/ristorazione_3000x160-768x41.jpg 768w, https:\/\/vacanzaweb.it\/wp-content\/uploads\/2025\/04\/ristorazione_3000x160-1536x82.jpg 1536w, https:\/\/vacanzaweb.it\/wp-content\/uploads\/2025\/04\/ristorazione_3000x160-2048x109.jpg 2048w, https:\/\/vacanzaweb.it\/wp-content\/uploads\/2025\/04\/ristorazione_3000x160-600x32.jpg 600w\" sizes=\"auto, (max-width: 2560px) 100vw, 2560px\" \/><\/figure>\n\n\n\n<p style=\"font-size:15px\">Ubicato nel corpo principale, il ristorante \u00e8 caratterizzato da due ambienti: la sala interna, un open-space modernamente arredato, e la terrazza verandata con vista esclusiva sul meraviglioso golfo. Prevede trattamento di pensione complete con servizio a buffet e bevande incluse ai pasti ( acqua, vino, cola e aranciata da dispencer) Gluten Free: Possibilit\u00e0 di pasti per celiaci senza alcun costo aggiuntivo (su richiesta, da segnalare al momento della prenotazione) Biberoneria: \u00e8 presente una biberoneria (non \u00e8 previsto un costo aggiuntivo) dove viene fornito giornalmente brodo e passato di verdura, sono presenti scalda biberon e frullatore. Per tutti i prodotti necessari per l\u2019alimentazione dei bimbi, e\u0300 necessario che ogni genitore li procuri personalmente, secondo il piano alimentare che si sta facendo seguire per la crescita, sarebbe inoltre molto utile segnalarlo anticipatamente al proprio arrivo in struttura, cos\u00ec da permettere di darne notizia con sufficiente anticipo ai reparti interessati. Ristorante Roof Garden, aperto solo per cena, in serate particolari, e\u0300 situato all\u2019ultimo piano del corpo centrale con una vista mozzafiato; tavolo con servizio \u00e0 la carte.<\/p>\n\n\n\n<figure class=\"wp-block-image size-full\"><img loading=\"lazy\" decoding=\"async\" width=\"2560\" height=\"137\" src=\"https:\/\/vacanzaweb.it\/wp-content\/uploads\/2025\/04\/politica_cancellazioni_3000x160-scaled.jpg\" alt=\"\" class=\"wp-image-314\" srcset=\"https:\/\/vacanzaweb.it\/wp-content\/uploads\/2025\/04\/politica_cancellazioni_3000x160-scaled.jpg 2560w, https:\/\/vacanzaweb.it\/wp-content\/uploads\/2025\/04\/politica_cancellazioni_3000x160-300x16.jpg 300w, https:\/\/vacanzaweb.it\/wp-content\/uploads\/2025\/04\/politica_cancellazioni_3000x160-1024x55.jpg 1024w, https:\/\/vacanzaweb.it\/wp-content\/uploads\/2025\/04\/politica_cancellazioni_3000x160-768x41.jpg 768w, https:\/\/vacanzaweb.it\/wp-content\/uploads\/2025\/04\/politica_cancellazioni_3000x160-1536x82.jpg 1536w, https:\/\/vacanzaweb.it\/wp-content\/uploads\/2025\/04\/politica_cancellazioni_3000x160-2048x109.jpg 2048w, https:\/\/vacanzaweb.it\/wp-content\/uploads\/2025\/04\/politica_cancellazioni_3000x160-600x32.jpg 600w\" sizes=\"auto, (max-width: 2560px) 100vw, 2560px\" \/><\/figure>\n\n\n\n<p style=\"font-size:15px\">da 21 giorni a 11 giorni prima dell\u2019arrivo 30% dell\u2019importo del servizio prenotato<br>da 10 giorni a 2 giorni prima dell\u2019arrivo in struttura 75% dell\u2019importo del servizio prenotato<br>da 2 giorni prima dell\u2019arrivo in struttura 100% dell\u2019importo del servizio prenotato.<\/p>\n\n\n\n<p style=\"font-size:15px\">AD ESCLUSIONE DI EVENTUALI CONDIZIONI PARTICOLARI PREVISTE DALLE SINGOLE STRUTTURE<\/p>\n\n\n\n<figure class=\"wp-block-image size-full\"><img loading=\"lazy\" decoding=\"async\" width=\"2560\" height=\"137\" src=\"https:\/\/vacanzaweb.it\/wp-content\/uploads\/2025\/04\/politica_animali_3000x160-scaled.jpg\" alt=\"\" class=\"wp-image-315\" srcset=\"https:\/\/vacanzaweb.it\/wp-content\/uploads\/2025\/04\/politica_animali_3000x160-scaled.jpg 2560w, https:\/\/vacanzaweb.it\/wp-content\/uploads\/2025\/04\/politica_animali_3000x160-300x16.jpg 300w, https:\/\/vacanzaweb.it\/wp-content\/uploads\/2025\/04\/politica_animali_3000x160-1024x55.jpg 1024w, https:\/\/vacanzaweb.it\/wp-content\/uploads\/2025\/04\/politica_animali_3000x160-768x41.jpg 768w, https:\/\/vacanzaweb.it\/wp-content\/uploads\/2025\/04\/politica_animali_3000x160-1536x82.jpg 1536w, https:\/\/vacanzaweb.it\/wp-content\/uploads\/2025\/04\/politica_animali_3000x160-2048x109.jpg 2048w, https:\/\/vacanzaweb.it\/wp-content\/uploads\/2025\/04\/politica_animali_3000x160-600x32.jpg 600w\" sizes=\"auto, (max-width: 2560px) 100vw, 2560px\" \/><\/figure>\n\n\n\n<p style=\"font-size:15px\">Ammessi di piccola taglia previa segnalazione al momento della prenotazione. Previsto un supplemento di \u20ac 10.00 al giorno da pagare in loco.<\/p>\n\n\n\n<p style=\"font-size:15px\">Gli animali devono essere in regola con le norme del servizio sanitario nazionale (vaccinazioni) e muniti di proprio libretto sanitario personale.<\/p>\n\n\n\n<p style=\"font-size:15px\">&#8211; All&#8217;interno del Resort possono circolare solo se accompagnati al guinzaglio o in borsa, ma sono esclusi i servizi comuni<br>&#8211; E&#8217; richiesto l&#8217;uso delle museruole quando ne \u00e8 previsto l&#8217;obbligo per Legge<br>&#8211; L&#8217;accesso alla spiaggia, alle piscine, al bar o ai ristoranti non \u00e8 consentito<br>&#8211; L&#8217;accesso all&#8217;anfiteatro non \u00e8 consentito<br>&#8211; E possibile concordare preventivamente l&#8217;orario di pulizia della camera contattando la reception<br> &#8211; La biancheria in dotazione nelle camere ad esclusivo uso dei clienti e non dei piccoli animali domestici<br>&#8211; E&#8217; raccomandata una buona gestione degli amici animali al fine di evitare disagi agli altri ospiti del resort<\/p>\n\n\n\n<figure class=\"wp-block-image size-full\"><img loading=\"lazy\" decoding=\"async\" width=\"2560\" height=\"137\" src=\"https:\/\/vacanzaweb.it\/wp-content\/uploads\/2025\/04\/check_3000x160-scaled.jpg\" alt=\"\" class=\"wp-image-316\" srcset=\"https:\/\/vacanzaweb.it\/wp-content\/uploads\/2025\/04\/check_3000x160-scaled.jpg 2560w, https:\/\/vacanzaweb.it\/wp-content\/uploads\/2025\/04\/check_3000x160-300x16.jpg 300w, https:\/\/vacanzaweb.it\/wp-content\/uploads\/2025\/04\/check_3000x160-1024x55.jpg 1024w, https:\/\/vacanzaweb.it\/wp-content\/uploads\/2025\/04\/check_3000x160-768x41.jpg 768w, https:\/\/vacanzaweb.it\/wp-content\/uploads\/2025\/04\/check_3000x160-1536x82.jpg 1536w, https:\/\/vacanzaweb.it\/wp-content\/uploads\/2025\/04\/check_3000x160-2048x109.jpg 2048w, https:\/\/vacanzaweb.it\/wp-content\/uploads\/2025\/04\/check_3000x160-600x32.jpg 600w\" sizes=\"auto, (max-width: 2560px) 100vw, 2560px\" \/><\/figure>\n\n\n\n<p style=\"font-size:15px\">Check In: dalle ore 17.30<br>Check Out: entro le ore 10.00&nbsp;<\/p>\n","protected":false},"excerpt":{"rendered":"<p>Relais Capo Spulico Beach &amp; Spa \u00e8 un villaggio adatto al riposo e divertimento. Mare e piscina rendono il resort accessibile per tutti, offrendo ogni comfort possibile per soddisfare tutte le esigenze. L\u2019ambiente che lo circonda lo rende il posto ideale per chi cerca pace, &hellip; <\/p>\n","protected":false},"author":1,"featured_media":0,"parent":891,"menu_order":0,"comment_status":"closed","ping_status":"closed","template":"","meta":{"ngg_post_thumbnail":0,"footnotes":""},"class_list":["post-916","page","type-page","status-publish","hentry"],"_links":{"self":[{"href":"https:\/\/vacanzaweb.it\/index.php\/wp-json\/wp\/v2\/pages\/916","targetHints":{"allow":["GET"]}}],"collection":[{"href":"https:\/\/vacanzaweb.it\/index.php\/wp-json\/wp\/v2\/pages"}],"about":[{"href":"https:\/\/vacanzaweb.it\/index.php\/wp-json\/wp\/v2\/types\/page"}],"author":[{"embeddable":true,"href":"https:\/\/vacanzaweb.it\/index.php\/wp-json\/wp\/v2\/users\/1"}],"replies":[{"embeddable":true,"href":"https:\/\/vacanzaweb.it\/index.php\/wp-json\/wp\/v2\/comments?post=916"}],"version-history":[{"count":1,"href":"https:\/\/vacanzaweb.it\/index.php\/wp-json\/wp\/v2\/pages\/916\/revisions"}],"predecessor-version":[{"id":918,"href":"https:\/\/vacanzaweb.it\/index.php\/wp-json\/wp\/v2\/pages\/916\/revisions\/918"}],"up":[{"embeddable":true,"href":"https:\/\/vacanzaweb.it\/index.php\/wp-json\/wp\/v2\/pages\/891"}],"wp:attachment":[{"href":"https:\/\/vacanzaweb.it\/index.php\/wp-json\/wp\/v2\/media?parent=916"}],"curies":[{"name":"wp","href":"https:\/\/api.w.org\/{rel}","templated":true}]}}